{"id":354,"date":"2023-03-01T17:28:22","date_gmt":"2023-03-01T16:28:22","guid":{"rendered":"http:\/\/freidesign.ch\/walser\/?page_id=354"},"modified":"2026-02-25T22:10:31","modified_gmt":"2026-02-25T21:10:31","slug":"downloads","status":"publish","type":"page","link":"https:\/\/walserhaus.ch\/fr\/downloads\/","title":{"rendered":"Downloads"},"content":{"rendered":"<h2 class=\"c-headline has-text-align-left alignwide\"><span class=\"c-headline__secondary\">Mat\u00e9riel \u00e0 t\u00e9l\u00e9charger<\/span> <span class=\"c-headline__primary\"><\/span><\/h2>\n\n\n\n<div class=\"wp-block-columns alignwide alignwide\" style=\"--nb-emphasis-top-spacing:0;--nb-emphasis-bottom-spacing:0;--nb-block-top-spacing:1;--nb-block-bottom-spacing:0;--nb-block-zindex:0;--nb-card-content-area-width:50%;--nb-card-media-container-height:50px;--nb-card-content-padding-multiplier:0;--nb-card-media-padding-top:100%;--nb-card-media-object-fit:cover;--nb-card-media-padding-multiplier:0;--nb-card-layout-gap-modifier:0;--nb-min-height-fallback:0;--nb-minimum-container-height:0vh;--nb-spacing-modifier:1;--nb-spacing-multiplier-override:1\">\n<div class=\"wp-block-column is-layout-flow wp-block-column-is-layout-flow\">\n<h2 class=\"wp-block-heading has-normal-font-size\">Statuts<br><\/h2>\n\n\n\n<ul class=\"nb-list list-bullet-style is-style-no-connection sm-palette-1 sm-color-signal-0\" style=\"--nb-list-start-at:NaN;--nb-list-items-count:1\" data-palette=\"1\" data-palette-variation=\"1\" data-color-signal=\"0\">\n<li><a href=\"http:\/\/walserhaus.ch\/wp-content\/uploads\/2023\/04\/Nuova_versione_20140101.pdf\" target=\"_blank\" rel=\"noreferrer noopener\">Statuts de l'Association Walserhaus Gurin, nouvelle version, valable \u00e0 partir du 01.01.2014<\/a><\/li>\n<\/ul>\n<\/div>\n\n\n\n<div class=\"wp-block-column is-layout-flow wp-block-column-is-layout-flow\">\n<h2 class=\"wp-block-heading has-normal-font-size\">Protocoles<\/h2>\n\n\n\n<ul class=\"nb-list list-bullet-style is-style-no-connection sm-palette-1 sm-color-signal-0\" style=\"--nb-list-start-at:NaN;--nb-list-items-count:1\" data-palette=\"1\" data-palette-variation=\"1\" data-color-signal=\"0\">\n<li><a href=\"http:\/\/walserhaus.ch\/wp-content\/uploads\/2025\/11\/verbale_protololl.pdf\" data-type=\"link\" data-id=\"http:\/\/walserhaus.ch\/wp-content\/uploads\/2025\/03\/Verbale-assemblea-28-09-2024-ita-e-ted.pdf\">27.09.2025: Verbale dell&#8217;Assemblea del preventivo<\/a><\/li>\n\n\n\n<li><a href=\"http:\/\/walserhaus.ch\/wp-content\/uploads\/2024\/05\/VERBALE-Assemblea-16-03-2024-ita-e-ted.pdf\">16.03.2024 : Proc\u00e8s-verbal de l'assembl\u00e9e g\u00e9n\u00e9rale annuelle<\/a><\/li>\n\n\n\n<li><a href=\"http:\/\/walserhaus.ch\/wp-content\/uploads\/2024\/03\/Verbale-assemblea-07-10-2023-ita-e-ted.pdf\" data-type=\"link\" data-id=\"http:\/\/walserhaus.ch\/wp-content\/uploads\/2024\/03\/Verbale-assemblea-07-10-2023-ita-e-ted.pdf\">07.10.2023: Verbale dell\u2019Assemblea del preventivo<\/a><\/li>\n\n\n\n<li><a href=\"http:\/\/walserhaus.ch\/wp-content\/uploads\/2024\/03\/Resoconto-del-presidente-2023-ita-e-ted.pdf\">Rapport du Pr\u00e9sident 2023<\/a><\/li>\n\n\n\n<li><a rel=\"noreferrer noopener\" href=\"http:\/\/walserhaus.ch\/wp-content\/uploads\/2023\/04\/VERBALE-Assemblea-25-03-2023-ita.pdf\" target=\"_blank\">25.03.2023 : Proc\u00e8s-verbal de l'assembl\u00e9e g\u00e9n\u00e9rale annuelle<\/a><\/li>\n\n\n\n<li><a href=\"http:\/\/walserhaus.ch\/wp-content\/uploads\/2023\/04\/jahresbericht_des_prasidenten_2022.pdf\" target=\"_blank\" rel=\"noreferrer noopener\">Rapport du Pr\u00e9sident 2022<\/a><br><\/li>\n<\/ul>\n<\/div>\n\n\n\n<div class=\"wp-block-column is-layout-flow wp-block-column-is-layout-flow\">\n<h2 class=\"wp-block-heading has-normal-font-size\">Affiches et prospectus<\/h2>\n\n\n\n<ul class=\"nb-list list-bullet-style is-style-no-connection sm-palette-1 sm-color-signal-0\" style=\"--nb-list-start-at:NaN;--nb-list-items-count:1\" data-palette=\"1\" data-palette-variation=\"1\" data-color-signal=\"0\">\n<li><a href=\"http:\/\/walserhaus.ch\/wp-content\/uploads\/2025\/03\/VERANSTALTUNGSPROGRAMM-2025.pdf\" data-type=\"link\" data-id=\"http:\/\/walserhaus.ch\/wp-content\/uploads\/2025\/03\/VERANSTALTUNGSPROGRAMM-2025.pdf\">Programma manifestazioni 2025<\/a><\/li>\n\n\n\n<li><a href=\"http:\/\/walserhaus.ch\/wp-content\/uploads\/2025\/03\/Esperienze_Menu_I.25.pdf\" data-type=\"link\" data-id=\"http:\/\/walserhaus.ch\/wp-content\/uploads\/2025\/03\/Esperienze_Menu_I.25.pdf\">Esperienze Walser 2025<\/a><\/li>\n\n\n\n<li><a href=\"http:\/\/walserhaus.ch\/wp-content\/uploads\/2024\/02\/VERANSTALTUNGSPROGRAMM-2024.pdf\">Programme d'\u00e9v\u00e9nements 2024<\/a><\/li>\n\n\n\n<li><a href=\"http:\/\/walserhaus.ch\/wp-content\/uploads\/2023\/08\/Matzufamm-16-09-2023.pdf\" data-type=\"link\" data-id=\"http:\/\/walserhaus.ch\/wp-content\/uploads\/2023\/08\/Matzufamm-16-09-2023.pdf\">Programme Ma\u030atzufa\u030amm 2023<\/a><\/li>\n\n\n\n<li><a rel=\"noreferrer noopener\" href=\"http:\/\/walserhaus.ch\/wp-content\/uploads\/2023\/04\/veranstalungsprogramm_2023.pdf\" target=\"_blank\">Programme d'\u00e9v\u00e9nements 2023<\/a><\/li>\n\n\n\n<li><a href=\"http:\/\/walserhaus.ch\/wp-content\/uploads\/2023\/04\/sgraffiti_hto_2023.pdf\" target=\"_blank\" rel=\"noreferrer noopener\">07.04. - 31.10.2023 : Sgraffiti de Hans Tomamichel (exposition temporaire)<\/a><\/li>\n\n\n\n<li><a href=\"http:\/\/walserhaus.ch\/wp-content\/uploads\/2023\/04\/guriner_stammbaum.pdf\" target=\"_blank\" rel=\"noreferrer noopener\">07.04. - 31.10.2023 : Ggurijnar Scht\u00e5mmb\u00f6mm, Arbre g\u00e9n\u00e9alogique de Bosco Gurin (exposition temporaire)<\/a><\/li>\n\n\n\n<li><a href=\"http:\/\/walserhaus.ch\/wp-content\/uploads\/2023\/04\/dorffuhrung_2023.pdf\" target=\"_blank\" rel=\"noreferrer noopener\">Visite guid\u00e9e 2023<\/a><\/li>\n<\/ul>\n<\/div>\n\n\n\n<div class=\"wp-block-column is-layout-flow wp-block-column-is-layout-flow\">\n<h2 class=\"wp-block-heading has-normal-font-size\">Autres<\/h2>\n\n\n\n<ul class=\"nb-list list-bullet-style is-style-no-connection sm-palette-1 sm-color-signal-0\" style=\"--nb-list-start-at:NaN;--nb-list-items-count:1\" data-palette=\"1\" data-palette-variation=\"1\" data-color-signal=\"0\">\n<li><a href=\"http:\/\/walserhaus.ch\/wp-content\/uploads\/2025\/03\/Convocazione_Cus.pdf\" data-type=\"link\" data-id=\"http:\/\/walserhaus.ch\/wp-content\/uploads\/2025\/03\/Convocazione_Cus.pdf\">Convocazione Assemblea del consuntivo 22.03.2025<\/a><\/li>\n\n\n\n<li><a href=\"http:\/\/walserhaus.ch\/wp-content\/uploads\/2024\/09\/Convocazione-assemblea-28.10-24.pdf\" data-type=\"link\" data-id=\"http:\/\/walserhaus.ch\/wp-content\/uploads\/2024\/09\/Convocazione-assemblea-28.10-24.pdf\">Convocazione Assemblea annuale 28.09.2024<\/a><\/li>\n\n\n\n<li><a href=\"http:\/\/walserhaus.ch\/wp-content\/uploads\/2023\/08\/Convocazione-assemblea-7.10-23.pdf\" data-type=\"link\" data-id=\"http:\/\/walserhaus.ch\/wp-content\/uploads\/2023\/08\/Convocazione-assemblea-7.10-23.pdf\">Convocation Assembl\u00e9e annuelle 07.10.2023<\/a><\/li>\n\n\n\n<li><a rel=\"noreferrer noopener\" href=\"http:\/\/walserhaus.ch\/wp-content\/uploads\/2023\/04\/EMYA-2021_Mitteilung-WH.pdf\" target=\"_blank\">Concours EMYA 2021 : Le mus\u00e9e Walserhaus a remport\u00e9 le prix Meyvaert Museum for Sustainability 2021<\/a><\/li>\n\n\n\n<li><a href=\"http:\/\/walserhaus.ch\/wp-content\/uploads\/2023\/04\/CARTA-CHARTA_Bosco_Gurin.pdf\" target=\"_blank\" rel=\"noreferrer noopener\">PAPIER pour la municipalit\u00e9 de Bosco Gurin<\/a><\/li>\n\n\n\n<li><a href=\"http:\/\/walserhaus.ch\/wp-content\/uploads\/2023\/04\/ECRMS-und-Gurin.pdf\" target=\"_blank\" rel=\"noreferrer noopener\">Charte europ\u00e9enne des langues r\u00e9gionales ou minoritaires<\/a><\/li>\n\n\n\n<li><a href=\"http:\/\/walserhaus.ch\/wp-content\/uploads\/2023\/04\/die_welt_der_weltu.pdf\" target=\"_blank\" rel=\"noreferrer noopener\">Exposition temporaire \"Le monde des Weltu\" (2012-2013)<\/a><\/li>\n<\/ul>\n<\/div>\n<\/div>\n\n\n\n<p class=\"has-normal-font-size\"><\/p>\n\n\n\n<p class=\"has-normal-font-size\"><\/p>","protected":false},"excerpt":{"rendered":"<p>Statuti Verbali Manifesti e volantini Altri<\/p>","protected":false},"author":1,"featured_media":0,"parent":0,"menu_order":0,"comment_status":"closed","ping_status":"closed","template":"","meta":{"novablocks_hero_scroll_indicator":false,"novablocks_hero_position_indicators":false,"supernova_prevent_duplicate":false,"footnotes":""},"class_list":["post-354","page","type-page","status-publish","hentry"],"_links":{"self":[{"href":"https:\/\/walserhaus.ch\/fr\/wp-json\/wp\/v2\/pages\/354","targetHints":{"allow":["GET"]}}],"collection":[{"href":"https:\/\/walserhaus.ch\/fr\/wp-json\/wp\/v2\/pages"}],"about":[{"href":"https:\/\/walserhaus.ch\/fr\/wp-json\/wp\/v2\/types\/page"}],"author":[{"embeddable":true,"href":"https:\/\/walserhaus.ch\/fr\/wp-json\/wp\/v2\/users\/1"}],"replies":[{"embeddable":true,"href":"https:\/\/walserhaus.ch\/fr\/wp-json\/wp\/v2\/comments?post=354"}],"version-history":[{"count":24,"href":"https:\/\/walserhaus.ch\/fr\/wp-json\/wp\/v2\/pages\/354\/revisions"}],"predecessor-version":[{"id":1145,"href":"https:\/\/walserhaus.ch\/fr\/wp-json\/wp\/v2\/pages\/354\/revisions\/1145"}],"wp:attachment":[{"href":"https:\/\/walserhaus.ch\/fr\/wp-json\/wp\/v2\/media?parent=354"}],"curies":[{"name":"wp","href":"https:\/\/api.w.org\/{rel}","templated":true}]}}