{"id":310,"date":"2023-03-01T12:08:52","date_gmt":"2023-03-01T11:08:52","guid":{"rendered":"http:\/\/freidesign.ch\/walser\/?page_id=310"},"modified":"2023-08-10T14:38:08","modified_gmt":"2023-08-10T12:38:08","slug":"attivita-ed-eventi","status":"publish","type":"page","link":"https:\/\/walserhaus.ch\/fr\/attivita-ed-eventi\/","title":{"rendered":"ATTIVIT\u00c0"},"content":{"rendered":"<div class=\"nb-supernova nb-supernova--content-type-custom nb-supernova--card-layout-stacked nb-supernova--layout-classic nb-supernova--1-columns nb-supernova--valign-center nb-supernova--halign-center nb-supernova--align-full alignfull sm-palette-1 sm-variation-1 nb-grid__area--portrait nb-grid__area--width-full\" style=\"--nb-media-composition-gap: 20px;--nb-emphasis-area: 100;--nb-overlay-filter-strength: 0;--nb-block-top-spacing: 0;--nb-block-bottom-spacing: 1;--nb-emphasis-top-spacing: 0;--nb-emphasis-bottom-spacing: 0;--nb-card-layout-gap-modifier: 0;--nb-card-content-padding-multiplier: 1;--nb-card-media-padding-multiplier: 0;--nb-card-media-container-height: 50;--nb-card-media-padding-top: 100%;--nb-card-media-object-fit: cover;--nb-minimum-container-height: 50vh;--nb-card-content-area-width: 50%;--nb-spacing-modifier: 1;--nb-spacing-multiplier-override: 1;--nb-collection-columns-count: 1;--nb-grid-spacing-modifier: 50\"\n\t\t\t data-variation='novablocks-card-hero' data-content-type='custom' data-card-layout='stacked' data-posts-to-show='1' data-columns='1' data-content-padding='100' data-block-top-spacing='0' data-block-bottom-spacing='1' data-min-height-fallback='50' data-content-color-signal='3' data-content-palette-variation='10' data-scrolling-effect='parallax' data-anchor='' data-preview='1' data-header-position='0' data-title='Cards Collection' data-subtitle='A collection of individual cards displayed in a cohesive layout' data-collection-title-level='2' data-palette='1' data-palette-variation='1' data-color-signal='0' data-emphasis-area='100' data-images='[]' data-style-preset='the-cloud-atlas' data-size-contrast='0' data-position-shift='0' data-elements-distance='20' data-placement-variation='25' data-image-rotation='0' data-image-resizing='cropped' data-container-height='50' data-object-position='50' data-focal-point='{&quot;x&quot;:0.5,&quot;y&quot;:0.5}' data-final-focal-point='{&quot;x&quot;:0.5,&quot;y&quot;:0.5}' data-initial-background-scale='1' data-final-background-scale='1' data-motion-preset='standard-dynamic' data-follow-through-start='1' data-follow-through-end='1' data-blob-sides='3' data-blob-pattern-seed='3' data-blob-complexity='0' data-blob-smoothness='33' data-blob-rotation='0' data-blob-mask-sides='3' data-blob-mask-pattern-seed='3' data-blob-mask-complexity='0' data-blob-mask-smoothness='33' data-blob-mask-rotation='0' data-blobs-size-balance='50' data-blobs-horizontal-displacement='50' data-blobs-vertical-displacement='50' data-level='2' data-card-title-level='3' data-card-title-font-size='normal' data-collection-title-font-size='normal' data-metadata-position='above-title' data-primary-metadata='category' data-secondary-metadata='date' data-buttons-style='text' data-layout-style='classic' data-grid-gap='50' data-gridcolumns='6' data-gridrows='6' data-featuresize='4' data-featureposition='1' data-fragmentation='1' data-hierarchycrossing='30' data-imageweightleft='1' data-imageweightright='2' data-metadetailsleft='10' data-metadetailsright='6' data-subfeature='1' data-header-column='0' data-carousel-layout='fixed' data-content-position='center center' data-show-media='1' data-show-title='1' data-show-subtitle='1' data-show-description='1' data-show-buttons='1' data-show-arrows='1' data-overlay-filter-type='unitone' data-overlay-filter-duotone-config='[]' data-overlay-filter-strength='0' data-media-container-height='50' data-thumbnail-aspect-ratio-string='landscape' data-thumbnail-aspect-ratio='50' data-image-padding='0' data-emphasis-by-space='1' data-emphasis-top-spacing='0' data-emphasis-bottom-spacing='0' data-balance-emphasis='50' data-balance-focal-point='content' data-content-area-width='50' data-layout-gutter='0' data-spacing-modifier='1' data-spacing-multiplier-override='1'>\n\t\t\t<div class=\"nb-collection alignfull nb-block-spacing-container\"><div class=\"nb-collection__body\">\n\t\t\t\t<div class=\"nb-collection__layout nb-collection__layout--classic nb-collection__layout--fixed-width\">\n\t\t\t\t\t\n\n\t<div class=\"nb-collection__layout-item\" >\n\t\t<div class=\"nb-supernova-item nb-supernova-item--layout-stacked nb-supernova-item--scrolling-effect-parallax nb-supernova-item--aspect-ratio-landscape sm-palette-1 sm-variation-10\" data-palette='1' data-palette-variation='10' data-color-signal='2' data-content-palette-variation='2' data-content-color-signal='3'>\n\t\t\t<div class=\"nb-supernova-item__media-wrapper\"><div class=\"nb-supernova-item__media-aspect-ratio\"><div class=\"novablocks-doppler__mask novablocks-doppler__wrapper\">\n\t\t\t\t\t<div class=\"nb-supernova-item__media-doppler\"> <img loading=\"lazy\" decoding=\"async\" width=\"1366\" height=\"915\" src=\"https:\/\/walserhaus.ch\/wp-content\/uploads\/2023\/03\/matzufamm-eventi-mercato-1366x915.jpg\" class=\"nb-supernova-item__media novablocks-doppler__target\" alt=\"\" data-shape-modeling-target=\"\" sizes=\"auto, (max-width: 1800px) 100vw, 1800px\" srcset=\"https:\/\/walserhaus.ch\/wp-content\/uploads\/2023\/03\/matzufamm-eventi-mercato-1366x915.jpg 1229w, https:\/\/walserhaus.ch\/wp-content\/uploads\/2023\/03\/matzufamm-eventi-mercato-300x201.jpg 270w, https:\/\/walserhaus.ch\/wp-content\/uploads\/2023\/03\/matzufamm-eventi-mercato-1024x686.jpg 922w, https:\/\/walserhaus.ch\/wp-content\/uploads\/2023\/03\/matzufamm-eventi-mercato-768x514.jpg 691w, https:\/\/walserhaus.ch\/wp-content\/uploads\/2023\/03\/matzufamm-eventi-mercato-1536x1028.jpg 1382w, https:\/\/walserhaus.ch\/wp-content\/uploads\/2023\/03\/matzufamm-eventi-mercato-250x167.jpg 225w, https:\/\/walserhaus.ch\/wp-content\/uploads\/2023\/03\/matzufamm-eventi-mercato-480x321.jpg 432w, https:\/\/walserhaus.ch\/wp-content\/uploads\/2023\/03\/matzufamm-eventi-mercato.jpg 1800w\" \/>\n<\/div>\n\t\t\t\t<\/div>\n\t\t\t<\/div><\/div>\t\t<\/div>\n\t<\/div>\n\n\t\n\n\t\t\t\t<\/div>\n\t\t\t<\/div><\/div>\n\t\t<\/div>\n\n\n<h2 class=\"c-headline has-text-align-left alignwide\"><span class=\"c-headline__secondary\">Activit\u00e9es<\/span> <span class=\"c-headline__primary\"><\/span><\/h2>\n\n\n\n<div class=\"wp-block-columns alignwide alignwide\" style=\"--nb-emphasis-top-spacing:0;--nb-emphasis-bottom-spacing:0;--nb-block-top-spacing:1;--nb-block-bottom-spacing:0;--nb-block-zindex:0;--nb-card-content-area-width:50%;--nb-card-media-container-height:50px;--nb-card-content-padding-multiplier:0;--nb-card-media-padding-top:100%;--nb-card-media-object-fit:cover;--nb-card-media-padding-multiplier:0;--nb-card-layout-gap-modifier:0;--nb-min-height-fallback:0;--nb-minimum-container-height:0vh;--nb-spacing-modifier:1;--nb-spacing-multiplier-override:1\">\n<div class=\"wp-block-column is-layout-flow wp-block-column-is-layout-flow\">\n<ul class=\"nb-list list-bullet-style is-style-no-connection sm-palette-1 sm-color-signal-0\" style=\"--nb-list-start-at:NaN;--nb-list-items-count:1\" data-palette=\"1\" data-palette-variation=\"1\" data-color-signal=\"0\">\n<li>Afin de conserver et valoriser le patrimoine ethnographique, nous actualisons r\u00e9guli\u00e8rement l\u2019inventaire et nous restaurons les objets o\u00f9 n\u00e9cessaire.<\/li>\n\n\n\n<li>Nous actualisons constamment la documentation relative \u00e0 la culture Walser en collaboration avec les autres organismes locaux et avec les autres communaut\u00e9s Walser pr\u00e9sentes dans l\u2019arc alpin.<\/li>\n\n\n\n<li>L\u2019exposition permanente est r\u00e9guli\u00e8rement mise \u00e0 jour et agrandie surtout par rapport aux contenus des infobox.<\/li>\n\n\n\n<li>Chaque ann\u00e9e nous pr\u00e9parons une exposition temporaire d\u00e9di\u00e9e \u00e0 un th\u00e8me inh\u00e9rent \u00e0 Bosco Gurin et \u00e0 la culture Walser ou au travail cr\u00e9atif des villageois.<\/li>\n\n\n\n<li>L\u2019offre dans le domaine de l\u2019animation est tr\u00e8s vari\u00e9e et s\u2019adapte aux exigences des personnes et groupes\u00a0: tours guid\u00e9s, balades th\u00e9matiques, vision de films, apr\u00e8s-midis avec des activit\u00e9s artisanales, parcours didactiques, TaM-Tandem au mus\u00e9e, f\u00eates, concerts et beaucoup plus \u2026<\/li>\n\n\n\n<li>Nous r\u00e9alisons des publications sur la culture, l\u2019histoire, la langue et sur d\u2019autres th\u00e8mes concernant Bosco Gurin, parfois aussi en collaboration avec d\u2019autres associations et organismes.<\/li>\n\n\n\n<li>Sur demande nous offrons conseil sur tout ce qui concerne la culture Walser, le mus\u00e9e et ses activit\u00e9s.<\/li>\n<\/ul>\n<\/div>\n\n\n\n<div class=\"wp-block-column is-layout-flow wp-block-column-is-layout-flow\">\n<p class=\"is-style-default has-normal-font-size\"><strong>Les \u00e9v\u00e9nements principaux p\u00e9riodiques sont\u00a0:<\/strong><br><\/p>\n\n\n\n<ul class=\"nb-list list-bullet-style is-style-no-connection sm-palette-1 sm-color-signal-0\" style=\"--nb-list-start-at:NaN;--nb-list-items-count:1\" data-palette=\"1\" data-palette-variation=\"1\" data-color-signal=\"0\">\n<li>participation \u00e0 la journ\u00e9e internationale des mus\u00e9es (mi-mai)<\/li>\n\n\n\n<li>expositions temporaires<\/li>\n\n\n\n<li>f\u00eate M\u00e5tzuf\u00e5mm (troisi\u00e8me ou quatri\u00e8me samedi de septembre)<\/li>\n\n\n\n<li>soir\u00e9e des contes (30 d\u00e9cembre)<\/li>\n\n\n\n<li>assembl\u00e9e des membres (printemps et automne) avec conf\u00e9rence<\/li>\n<\/ul>\n\n\n\n<div class=\"wp-block-buttons is-layout-flex wp-block-buttons-is-layout-flex\">\n<div class=\"wp-block-button sm-palette-1 sm-palette--shifted sm-variation-1 sm-color-signal-1\" data-palette=\"1\" data-palette-variation=\"1\" data-color-signal=\"1\" data-use-source-color-as-reference=\"true\"><a class=\"wp-block-button__link wp-element-button\" href=\"http:\/\/walserhaus.ch\/EVENTI\" target=\"_blank\" rel=\"noreferrer noopener\">VOICI LES \u00c9V\u00c9NEMENTS PR\u00c9VUS<\/a><\/div>\n<\/div>\n\n\n\n<figure class=\"wp-block-image size-large\"><img loading=\"lazy\" decoding=\"async\" width=\"1024\" height=\"768\" src=\"https:\/\/walserhaus.ch\/wp-content\/uploads\/2023\/08\/02e88c33-1282-46ca-9aed-a9e8b8995cd8-1024x768.jpg\" alt=\"\" class=\"wp-image-897\" srcset=\"https:\/\/walserhaus.ch\/wp-content\/uploads\/2023\/08\/02e88c33-1282-46ca-9aed-a9e8b8995cd8-1024x768.jpg 1024w, https:\/\/walserhaus.ch\/wp-content\/uploads\/2023\/08\/02e88c33-1282-46ca-9aed-a9e8b8995cd8-300x225.jpg 300w, https:\/\/walserhaus.ch\/wp-content\/uploads\/2023\/08\/02e88c33-1282-46ca-9aed-a9e8b8995cd8-768x576.jpg 768w, https:\/\/walserhaus.ch\/wp-content\/uploads\/2023\/08\/02e88c33-1282-46ca-9aed-a9e8b8995cd8-16x12.jpg 16w, https:\/\/walserhaus.ch\/wp-content\/uploads\/2023\/08\/02e88c33-1282-46ca-9aed-a9e8b8995cd8-250x188.jpg 250w, https:\/\/walserhaus.ch\/wp-content\/uploads\/2023\/08\/02e88c33-1282-46ca-9aed-a9e8b8995cd8-1366x1025.jpg 1366w, https:\/\/walserhaus.ch\/wp-content\/uploads\/2023\/08\/02e88c33-1282-46ca-9aed-a9e8b8995cd8-480x360.jpg 480w, https:\/\/walserhaus.ch\/wp-content\/uploads\/2023\/08\/02e88c33-1282-46ca-9aed-a9e8b8995cd8.jpg 1476w\" sizes=\"auto, (max-width: 1024px) 100vw, 1024px\" \/><figcaption class=\"wp-element-caption\">Musiciens pendant le M\u00e5tzuf\u00e5mm<\/figcaption><\/figure>\n<\/div>\n<\/div>\n\n\n\n<p class=\"has-normal-font-size\"><\/p>\n\n\n\n<p class=\"has-normal-font-size\"><\/p>","protected":false},"excerpt":{"rendered":"<p>Les \u00e9v\u00e9nements principaux p\u00e9riodiques sont\u00a0:<\/p>","protected":false},"author":1,"featured_media":0,"parent":0,"menu_order":0,"comment_status":"closed","ping_status":"closed","template":"","meta":{"novablocks_hero_scroll_indicator":false,"novablocks_hero_position_indicators":false,"supernova_prevent_duplicate":false,"footnotes":""},"class_list":["post-310","page","type-page","status-publish","hentry"],"_links":{"self":[{"href":"https:\/\/walserhaus.ch\/fr\/wp-json\/wp\/v2\/pages\/310","targetHints":{"allow":["GET"]}}],"collection":[{"href":"https:\/\/walserhaus.ch\/fr\/wp-json\/wp\/v2\/pages"}],"about":[{"href":"https:\/\/walserhaus.ch\/fr\/wp-json\/wp\/v2\/types\/page"}],"author":[{"embeddable":true,"href":"https:\/\/walserhaus.ch\/fr\/wp-json\/wp\/v2\/users\/1"}],"replies":[{"embeddable":true,"href":"https:\/\/walserhaus.ch\/fr\/wp-json\/wp\/v2\/comments?post=310"}],"version-history":[{"count":24,"href":"https:\/\/walserhaus.ch\/fr\/wp-json\/wp\/v2\/pages\/310\/revisions"}],"predecessor-version":[{"id":900,"href":"https:\/\/walserhaus.ch\/fr\/wp-json\/wp\/v2\/pages\/310\/revisions\/900"}],"wp:attachment":[{"href":"https:\/\/walserhaus.ch\/fr\/wp-json\/wp\/v2\/media?parent=310"}],"curies":[{"name":"wp","href":"https:\/\/api.w.org\/{rel}","templated":true}]}}