{"id":290,"date":"2023-03-01T11:32:48","date_gmt":"2023-03-01T10:32:48","guid":{"rendered":"http:\/\/freidesign.ch\/walser\/?page_id=290"},"modified":"2023-05-09T10:24:52","modified_gmt":"2023-05-09T08:24:52","slug":"usi-costumi-e-religione","status":"publish","type":"page","link":"https:\/\/walserhaus.ch\/fr\/usi-costumi-e-religione\/","title":{"rendered":"Mus\u00e9e des us et costumes et de la religion"},"content":{"rendered":"<div class=\"nb-supernova nb-supernova--content-type-custom nb-supernova--card-layout-stacked nb-supernova--layout-classic nb-supernova--1-columns nb-supernova--valign-center nb-supernova--halign-center nb-supernova--align-full alignfull sm-palette-1 sm-variation-1 nb-grid__area--portrait nb-grid__area--width-full\" style=\"--nb-media-composition-gap: 20px;--nb-emphasis-area: 100;--nb-overlay-filter-strength: 0;--nb-block-top-spacing: 0;--nb-block-bottom-spacing: 1;--nb-emphasis-top-spacing: 0;--nb-emphasis-bottom-spacing: 0;--nb-card-layout-gap-modifier: 0;--nb-card-content-padding-multiplier: 1;--nb-card-media-padding-multiplier: 0;--nb-card-media-container-height: 50;--nb-card-media-padding-top: 100%;--nb-card-media-object-fit: cover;--nb-minimum-container-height: 50vh;--nb-card-content-area-width: 50%;--nb-spacing-modifier: 1;--nb-spacing-multiplier-override: 1;--nb-collection-columns-count: 1;--nb-grid-spacing-modifier: 50\"\n\t\t\t data-variation='novablocks-card-hero' data-content-type='custom' data-card-layout='stacked' data-posts-to-show='1' data-columns='1' data-content-padding='100' data-block-top-spacing='0' data-block-bottom-spacing='1' data-min-height-fallback='50' data-content-color-signal='3' data-content-palette-variation='10' data-scrolling-effect='parallax' data-anchor='' data-preview='1' data-header-position='0' data-title='Cards Collection' data-subtitle='A collection of individual cards displayed in a cohesive layout' data-collection-title-level='2' data-palette='1' data-palette-variation='1' data-color-signal='0' data-emphasis-area='100' data-images='[]' data-style-preset='the-cloud-atlas' data-size-contrast='0' data-position-shift='0' data-elements-distance='20' data-placement-variation='25' data-image-rotation='0' data-image-resizing='cropped' data-container-height='50' data-object-position='50' data-focal-point='{&quot;x&quot;:0.5,&quot;y&quot;:0.5}' data-final-focal-point='{&quot;x&quot;:0.5,&quot;y&quot;:0.5}' data-initial-background-scale='1' data-final-background-scale='1' data-motion-preset='standard-dynamic' data-follow-through-start='1' data-follow-through-end='1' data-blob-sides='3' data-blob-pattern-seed='3' data-blob-complexity='0' data-blob-smoothness='33' data-blob-rotation='0' data-blob-mask-sides='3' data-blob-mask-pattern-seed='3' data-blob-mask-complexity='0' data-blob-mask-smoothness='33' data-blob-mask-rotation='0' data-blobs-size-balance='50' data-blobs-horizontal-displacement='50' data-blobs-vertical-displacement='50' data-level='2' data-card-title-level='3' data-card-title-font-size='normal' data-collection-title-font-size='normal' data-metadata-position='above-title' data-primary-metadata='category' data-secondary-metadata='date' data-buttons-style='text' data-layout-style='classic' data-grid-gap='50' data-gridcolumns='6' data-gridrows='6' data-featuresize='4' data-featureposition='1' data-fragmentation='1' data-hierarchycrossing='30' data-imageweightleft='1' data-imageweightright='2' data-metadetailsleft='10' data-metadetailsright='6' data-subfeature='1' data-header-column='0' data-carousel-layout='fixed' data-content-position='center center' data-show-media='1' data-show-title='1' data-show-subtitle='1' data-show-description='1' data-show-buttons='1' data-display-inner-content='1' data-show-arrows='1' data-overlay-filter-type='unitone' data-overlay-filter-duotone-config='[]' data-overlay-filter-strength='0' data-media-container-height='50' data-thumbnail-aspect-ratio-string='landscape' data-thumbnail-aspect-ratio='50' data-image-padding='0' data-emphasis-by-space='1' data-emphasis-top-spacing='0' data-emphasis-bottom-spacing='0' data-balance-emphasis='50' data-balance-focal-point='content' data-content-area-width='50' data-layout-gutter='0' data-spacing-modifier='1' data-spacing-multiplier-override='1'>\n\t\t\t<div class=\"nb-collection alignfull nb-block-spacing-container\"><div class=\"nb-collection__body\">\n\t\t\t\t<div class=\"nb-collection__layout nb-collection__layout--classic nb-collection__layout--fixed-width\">\n\t\t\t\t\t\n\n\t<div class=\"nb-collection__layout-item\" >\n\t\t<div class=\"nb-supernova-item nb-supernova-item--layout-stacked nb-supernova-item--scrolling-effect-parallax nb-supernova-item--aspect-ratio-landscape sm-palette-1 sm-variation-10\" data-palette='1' data-palette-variation='10' data-color-signal='2' data-content-palette-variation='2' data-content-color-signal='3'>\n\t\t\t<div class=\"nb-supernova-item__media-wrapper\"><div class=\"nb-supernova-item__media-aspect-ratio\"><div class=\"novablocks-doppler__mask novablocks-doppler__wrapper\">\n\t\t\t\t\t<div class=\"nb-supernova-item__media-doppler\"> <img loading=\"lazy\" decoding=\"async\" width=\"1366\" height=\"1025\" src=\"https:\/\/walserhaus.ch\/wp-content\/uploads\/2023\/04\/usiecoatumi-walser-walserhaus-1366x1025.jpg\" class=\"nb-supernova-item__media novablocks-doppler__target\" alt=\"\" data-shape-modeling-target=\"\" sizes=\"auto, (max-width: 1800px) 100vw, 1800px\" srcset=\"https:\/\/walserhaus.ch\/wp-content\/uploads\/2023\/04\/usiecoatumi-walser-walserhaus-1366x1025.jpg 1229w, https:\/\/walserhaus.ch\/wp-content\/uploads\/2023\/04\/usiecoatumi-walser-walserhaus-300x225.jpg 270w, https:\/\/walserhaus.ch\/wp-content\/uploads\/2023\/04\/usiecoatumi-walser-walserhaus-1024x768.jpg 922w, https:\/\/walserhaus.ch\/wp-content\/uploads\/2023\/04\/usiecoatumi-walser-walserhaus-768x576.jpg 691w, https:\/\/walserhaus.ch\/wp-content\/uploads\/2023\/04\/usiecoatumi-walser-walserhaus-1536x1152.jpg 1382w, https:\/\/walserhaus.ch\/wp-content\/uploads\/2023\/04\/usiecoatumi-walser-walserhaus-250x188.jpg 225w, https:\/\/walserhaus.ch\/wp-content\/uploads\/2023\/04\/usiecoatumi-walser-walserhaus-480x360.jpg 432w, https:\/\/walserhaus.ch\/wp-content\/uploads\/2023\/04\/usiecoatumi-walser-walserhaus.jpg 1800w\" \/>\n<\/div>\n\t\t\t\t<\/div>\n\t\t\t<\/div><\/div>\t\t\t\t<div class=\"nb-supernova-item__content nb-supernova-item__content--valign-center nb-supernova-item__content--halign-center\">\n\t\t\t\t\t<div class=\"nb-supernova-item__inner-container\">\n\t\t\t\t\t\t\n\n<h2 class=\"c-headline has-text-align-center alignnone\"><span class=\"c-headline__secondary\">Mus\u00e9e des us et costumes<\/span> <span class=\"c-headline__primary\">et de la religion<\/span><\/h2>\n\n\t\t\t\t\t<\/div>\n\t\t\t\t<\/div>\n\t\t\t\t\t<\/div>\n\t<\/div>\n\n\t\n\n\t\t\t\t<\/div>\n\t\t\t<\/div><\/div>\n\t\t<\/div>\n\n<div class=\"nb-supernova nb-supernova--content-type-custom nb-supernova--card-layout-horizontal nb-supernova--layout-classic nb-supernova--1-columns nb-supernova--valign-center nb-supernova--halign-left nb-supernova--align-wide alignfull sm-palette-1 sm-variation-1 nb-grid__area--landscape nb-grid__area--width-full\" style=\"--nb-media-composition-gap: 20px;--nb-emphasis-area: 100;--nb-overlay-filter-strength: 0;--nb-block-top-spacing: 0;--nb-block-bottom-spacing: -1;--nb-emphasis-top-spacing: 0;--nb-emphasis-bottom-spacing: 0;--nb-card-layout-gap-modifier: 1;--nb-card-content-padding-multiplier: 0;--nb-card-media-padding-multiplier: 0;--nb-card-media-container-height: 50;--nb-card-media-padding-top: 100%;--nb-card-media-object-fit: scale-down;--nb-minimum-container-height: 0vh;--nb-card-content-area-width: 50%;--nb-spacing-modifier: 1;--nb-spacing-multiplier-override: 1;--nb-collection-columns-count: 1;--nb-grid-spacing-modifier: 50\"\n\t\t\t data-variation='novablocks-card-media' data-content-type='custom' data-content-position='center left' data-card-layout='horizontal' data-posts-to-show='1' data-columns='1' data-image-resizing='original' data-block-top-spacing='0' data-block-bottom-spacing='-1' data-layout-gutter='100' data-anchor='' data-preview='1' data-header-position='0' data-title='Cards Collection' data-subtitle='A collection of individual cards displayed in a cohesive layout' data-collection-title-level='2' data-palette='1' data-palette-variation='1' data-color-signal='0' data-content-color-signal='0' data-content-palette-variation='1' data-emphasis-area='100' data-images='[]' data-style-preset='the-cloud-atlas' data-size-contrast='0' data-position-shift='0' data-elements-distance='20' data-placement-variation='25' data-image-rotation='0' data-container-height='50' data-object-position='50' data-scrolling-effect='static' data-focal-point='{&quot;x&quot;:0.5,&quot;y&quot;:0.5}' data-final-focal-point='{&quot;x&quot;:0.5,&quot;y&quot;:0.5}' data-initial-background-scale='1' data-final-background-scale='1' data-motion-preset='standard-dynamic' data-follow-through-start='1' data-follow-through-end='1' data-blob-sides='3' data-blob-pattern-seed='3' data-blob-complexity='0' data-blob-smoothness='33' data-blob-rotation='0' data-blob-mask-sides='3' data-blob-mask-pattern-seed='3' data-blob-mask-complexity='0' data-blob-mask-smoothness='33' data-blob-mask-rotation='0' data-blobs-size-balance='50' data-blobs-horizontal-displacement='50' data-blobs-vertical-displacement='50' data-level='2' data-card-title-level='3' data-card-title-font-size='normal' data-collection-title-font-size='normal' data-metadata-position='above-title' data-primary-metadata='category' data-secondary-metadata='date' data-buttons-style='text' data-layout-style='classic' data-grid-gap='50' data-gridcolumns='6' data-gridrows='6' data-featuresize='4' data-featureposition='1' data-fragmentation='1' data-hierarchycrossing='30' data-imageweightleft='1' data-imageweightright='2' data-metadetailsleft='10' data-metadetailsright='6' data-subfeature='1' data-header-column='0' data-carousel-layout='fixed' data-show-media='1' data-show-title='1' data-show-subtitle='1' data-show-description='1' data-show-buttons='1' data-display-inner-content='1' data-show-arrows='1' data-overlay-filter-type='unitone' data-overlay-filter-duotone-config='[]' data-overlay-filter-strength='0' data-media-container-height='50' data-thumbnail-aspect-ratio-string='landscape' data-thumbnail-aspect-ratio='50' data-image-padding='0' data-content-padding='0' data-emphasis-by-space='1' data-emphasis-top-spacing='0' data-emphasis-bottom-spacing='0' data-min-height-fallback='0' data-balance-emphasis='50' data-balance-focal-point='content' data-content-area-width='50' data-spacing-modifier='1' data-spacing-multiplier-override='1'>\n\t\t\t<div class=\"nb-collection alignwide nb-block-spacing-container\"><div class=\"nb-collection__body\">\n\t\t\t\t<div class=\"nb-collection__layout nb-collection__layout--classic nb-collection__layout--fixed-width\">\n\t\t\t\t\t\n\n\t<div class=\"nb-collection__layout-item\" >\n\t\t<div class=\"nb-supernova-item nb-supernova-item--layout-horizontal nb-supernova-item--scrolling-effect-static nb-supernova-item--aspect-ratio-landscape sm-palette-1 sm-variation-1\" data-palette='1' data-palette-variation='1' data-color-signal='0' data-content-palette-variation='1' data-content-color-signal='0'>\n\t\t\t<div class=\"nb-supernova-item__media-wrapper\"><div class=\"nb-supernova-item__media-aspect-ratio\"><div class=\"novablocks-doppler__mask novablocks-doppler__wrapper\">\n\t\t\t\t\t<div class=\"nb-supernova-item__media-doppler\"> <img loading=\"lazy\" decoding=\"async\" width=\"1366\" height=\"921\" src=\"https:\/\/walserhaus.ch\/wp-content\/uploads\/2023\/03\/ritratto-usi-costumi-religione-1366x921.jpg\" class=\"nb-supernova-item__media novablocks-doppler__target\" alt=\"\" data-shape-modeling-target=\"\" sizes=\"auto, (max-width: 768px) 100vw, 50vw\" srcset=\"https:\/\/walserhaus.ch\/wp-content\/uploads\/2023\/03\/ritratto-usi-costumi-religione-1366x921.jpg 1366w, https:\/\/walserhaus.ch\/wp-content\/uploads\/2023\/03\/ritratto-usi-costumi-religione-300x202.jpg 300w, https:\/\/walserhaus.ch\/wp-content\/uploads\/2023\/03\/ritratto-usi-costumi-religione-1024x691.jpg 1024w, https:\/\/walserhaus.ch\/wp-content\/uploads\/2023\/03\/ritratto-usi-costumi-religione-768x518.jpg 768w, https:\/\/walserhaus.ch\/wp-content\/uploads\/2023\/03\/ritratto-usi-costumi-religione-1536x1036.jpg 1536w, https:\/\/walserhaus.ch\/wp-content\/uploads\/2023\/03\/ritratto-usi-costumi-religione-250x169.jpg 250w, https:\/\/walserhaus.ch\/wp-content\/uploads\/2023\/03\/ritratto-usi-costumi-religione-480x324.jpg 480w, https:\/\/walserhaus.ch\/wp-content\/uploads\/2023\/03\/ritratto-usi-costumi-religione.jpg 2000w\" \/>\n<\/div>\n\t\t\t\t<\/div>\n\t\t\t<\/div><\/div>\t\t\t\t<div class=\"nb-supernova-item__content nb-supernova-item__content--valign-center nb-supernova-item__content--halign-left\">\n\t\t\t\t\t<div class=\"nb-supernova-item__inner-container\">\n\t\t\t\t\t\t\n\n<h5 class=\"wp-block-heading has-normal-font-size\">Les sujets pr\u00e9sent\u00e9s dans cette pi\u00e8ce tournent autour de la religion, des rites, des croyances et des traditions. Les descriptions se r\u00e9f\u00e8rent \u00e0 l\u2019\u00e9poque autour de 1900. Depuis cette p\u00e9riode, beaucoup a chang\u00e9.<\/h5>\n\n\n\n<p class=\"has-normal-font-size\">D\u00e9couvrez beaucoup de particularit\u00e9s fascinantes sur la vie et la culture du village \u00e0 travers les croyances, les rites et les traditions, les l\u00e9gendes et les traditions li\u00e9es \u00e0 l\u2019\u00e9glise avec ses cloches, le cimeti\u00e8re et les chapelles pr\u00e9sentes dans le territoire.<\/p>\n\n\t\t\t\t\t<\/div>\n\t\t\t\t<\/div>\n\t\t\t\t\t<\/div>\n\t<\/div>\n\n\t\n\n\t\t\t\t<\/div>\n\t\t\t<\/div><\/div>\n\t\t<\/div>\n\n\n<div class=\"wp-block-columns alignwide alignwide\" style=\"--nb-emphasis-top-spacing:0;--nb-emphasis-bottom-spacing:0;--nb-block-top-spacing:1;--nb-block-bottom-spacing:0;--nb-block-zindex:0;--nb-card-content-area-width:50%;--nb-card-media-container-height:50px;--nb-card-content-padding-multiplier:0;--nb-card-media-padding-top:100%;--nb-card-media-object-fit:cover;--nb-card-media-padding-multiplier:0;--nb-card-layout-gap-modifier:0;--nb-min-height-fallback:0;--nb-minimum-container-height:0vh;--nb-spacing-modifier:1;--nb-spacing-multiplier-override:1\">\n<div class=\"wp-block-column is-layout-flow wp-block-column-is-layout-flow\">\n<figure class=\"wp-block-image size-large\"><img loading=\"lazy\" decoding=\"async\" width=\"1024\" height=\"768\" src=\"http:\/\/freidesign.ch\/walser\/wp-content\/uploads\/2023\/04\/cimitero-1024x768.jpg\" alt=\"\" class=\"wp-image-664\" srcset=\"https:\/\/walserhaus.ch\/wp-content\/uploads\/2023\/04\/cimitero-1024x768.jpg 1024w, https:\/\/walserhaus.ch\/wp-content\/uploads\/2023\/04\/cimitero-300x225.jpg 300w, https:\/\/walserhaus.ch\/wp-content\/uploads\/2023\/04\/cimitero-768x576.jpg 768w, https:\/\/walserhaus.ch\/wp-content\/uploads\/2023\/04\/cimitero-1536x1152.jpg 1536w, https:\/\/walserhaus.ch\/wp-content\/uploads\/2023\/04\/cimitero-250x188.jpg 250w, https:\/\/walserhaus.ch\/wp-content\/uploads\/2023\/04\/cimitero-1366x1025.jpg 1366w, https:\/\/walserhaus.ch\/wp-content\/uploads\/2023\/04\/cimitero-480x360.jpg 480w, https:\/\/walserhaus.ch\/wp-content\/uploads\/2023\/04\/cimitero.jpg 2000w\" sizes=\"auto, (max-width: 1024px) 100vw, 1024px\" \/><\/figure>\n<\/div>\n\n\n\n<div class=\"wp-block-column is-layout-flow wp-block-column-is-layout-flow\">\n<figure class=\"wp-block-image size-large\"><img loading=\"lazy\" decoding=\"async\" width=\"1024\" height=\"768\" src=\"http:\/\/freidesign.ch\/walser\/wp-content\/uploads\/2023\/04\/usi-costumi-1024x768.jpg\" alt=\"\" class=\"wp-image-662\" srcset=\"https:\/\/walserhaus.ch\/wp-content\/uploads\/2023\/04\/usi-costumi-1024x768.jpg 1024w, https:\/\/walserhaus.ch\/wp-content\/uploads\/2023\/04\/usi-costumi-300x225.jpg 300w, https:\/\/walserhaus.ch\/wp-content\/uploads\/2023\/04\/usi-costumi-768x576.jpg 768w, https:\/\/walserhaus.ch\/wp-content\/uploads\/2023\/04\/usi-costumi-1536x1152.jpg 1536w, https:\/\/walserhaus.ch\/wp-content\/uploads\/2023\/04\/usi-costumi-250x188.jpg 250w, https:\/\/walserhaus.ch\/wp-content\/uploads\/2023\/04\/usi-costumi-1366x1025.jpg 1366w, https:\/\/walserhaus.ch\/wp-content\/uploads\/2023\/04\/usi-costumi-480x360.jpg 480w, https:\/\/walserhaus.ch\/wp-content\/uploads\/2023\/04\/usi-costumi.jpg 2000w\" sizes=\"auto, (max-width: 1024px) 100vw, 1024px\" \/><\/figure>\n<\/div>\n<\/div>\n\n\n\n<p class=\"has-normal-font-size\"><\/p>\n\n\n\n<p class=\"has-normal-font-size\"><\/p>\n\n\n\n<p class=\"has-normal-font-size\"><\/p>","protected":false},"excerpt":{"rendered":"","protected":false},"author":1,"featured_media":0,"parent":0,"menu_order":0,"comment_status":"closed","ping_status":"closed","template":"","meta":{"novablocks_hero_scroll_indicator":false,"novablocks_hero_position_indicators":false,"supernova_prevent_duplicate":false,"footnotes":""},"class_list":["post-290","page","type-page","status-publish","hentry"],"_links":{"self":[{"href":"https:\/\/walserhaus.ch\/fr\/wp-json\/wp\/v2\/pages\/290","targetHints":{"allow":["GET"]}}],"collection":[{"href":"https:\/\/walserhaus.ch\/fr\/wp-json\/wp\/v2\/pages"}],"about":[{"href":"https:\/\/walserhaus.ch\/fr\/wp-json\/wp\/v2\/types\/page"}],"author":[{"embeddable":true,"href":"https:\/\/walserhaus.ch\/fr\/wp-json\/wp\/v2\/users\/1"}],"replies":[{"embeddable":true,"href":"https:\/\/walserhaus.ch\/fr\/wp-json\/wp\/v2\/comments?post=290"}],"version-history":[{"count":11,"href":"https:\/\/walserhaus.ch\/fr\/wp-json\/wp\/v2\/pages\/290\/revisions"}],"predecessor-version":[{"id":816,"href":"https:\/\/walserhaus.ch\/fr\/wp-json\/wp\/v2\/pages\/290\/revisions\/816"}],"wp:attachment":[{"href":"https:\/\/walserhaus.ch\/fr\/wp-json\/wp\/v2\/media?parent=290"}],"curies":[{"name":"wp","href":"https:\/\/api.w.org\/{rel}","templated":true}]}}