{"id":221,"date":"2023-03-01T08:21:50","date_gmt":"2023-03-01T07:21:50","guid":{"rendered":"http:\/\/freidesign.ch\/walser\/?page_id=221"},"modified":"2023-04-18T08:14:22","modified_gmt":"2023-04-18T06:14:22","slug":"museo-architettonico","status":"publish","type":"page","link":"https:\/\/walserhaus.ch\/fr\/museo-architettonico\/","title":{"rendered":"Mus\u00e9e de l\u2019architecture"},"content":{"rendered":"<div class=\"nb-supernova nb-supernova--content-type-custom nb-supernova--card-layout-stacked nb-supernova--layout-classic nb-supernova--1-columns nb-supernova--valign-center nb-supernova--halign-center nb-supernova--align-full alignfull sm-palette-1 sm-variation-1 nb-grid__area--portrait nb-grid__area--width-full\" style=\"--nb-media-composition-gap: 20px;--nb-emphasis-area: 100;--nb-overlay-filter-strength: 0;--nb-block-top-spacing: 0;--nb-block-bottom-spacing: 1;--nb-emphasis-top-spacing: 0;--nb-emphasis-bottom-spacing: 0;--nb-card-layout-gap-modifier: 0;--nb-card-content-padding-multiplier: 1;--nb-card-media-padding-multiplier: 0;--nb-card-media-container-height: 50;--nb-card-media-padding-top: 100%;--nb-card-media-object-fit: cover;--nb-minimum-container-height: 50vh;--nb-card-content-area-width: 50%;--nb-spacing-modifier: 1;--nb-spacing-multiplier-override: 1;--nb-collection-columns-count: 1;--nb-grid-spacing-modifier: 50\"\n\t\t\t data-variation='novablocks-card-hero' data-content-type='custom' data-card-layout='stacked' data-posts-to-show='1' data-columns='1' data-content-padding='100' data-block-top-spacing='0' data-block-bottom-spacing='1' data-min-height-fallback='50' data-content-color-signal='3' data-content-palette-variation='10' data-scrolling-effect='parallax' data-anchor='' data-preview='1' data-header-position='0' data-title='Cards Collection' data-subtitle='A collection of individual cards displayed in a cohesive layout' data-collection-title-level='2' data-palette='1' data-palette-variation='1' data-color-signal='0' data-emphasis-area='100' data-images='[]' data-style-preset='the-cloud-atlas' data-size-contrast='0' data-position-shift='0' data-elements-distance='20' data-placement-variation='25' data-image-rotation='0' data-image-resizing='cropped' data-container-height='50' data-object-position='50' data-focal-point='{&quot;x&quot;:0.5,&quot;y&quot;:0.5}' data-final-focal-point='{&quot;x&quot;:0.5,&quot;y&quot;:0.5}' data-initial-background-scale='1' data-final-background-scale='1' data-motion-preset='standard-dynamic' data-follow-through-start='1' data-follow-through-end='1' data-blob-sides='3' data-blob-pattern-seed='3' data-blob-complexity='0' data-blob-smoothness='33' data-blob-rotation='0' data-blob-mask-sides='3' data-blob-mask-pattern-seed='3' data-blob-mask-complexity='0' data-blob-mask-smoothness='33' data-blob-mask-rotation='0' data-blobs-size-balance='50' data-blobs-horizontal-displacement='50' data-blobs-vertical-displacement='50' data-level='2' data-card-title-level='3' data-card-title-font-size='normal' data-collection-title-font-size='normal' data-metadata-position='above-title' data-primary-metadata='category' data-secondary-metadata='date' data-buttons-style='text' data-layout-style='classic' data-grid-gap='50' data-gridcolumns='6' data-gridrows='6' data-featuresize='4' data-featureposition='1' data-fragmentation='1' data-hierarchycrossing='30' data-imageweightleft='1' data-imageweightright='2' data-metadetailsleft='10' data-metadetailsright='6' data-subfeature='1' data-header-column='0' data-carousel-layout='fixed' data-content-position='center center' data-show-media='1' data-show-title='1' data-show-subtitle='1' data-show-description='1' data-show-buttons='1' data-display-inner-content='1' data-show-arrows='1' data-overlay-filter-type='unitone' data-overlay-filter-duotone-config='[]' data-overlay-filter-strength='0' data-media-container-height='50' data-thumbnail-aspect-ratio-string='landscape' data-thumbnail-aspect-ratio='50' data-image-padding='0' data-emphasis-by-space='1' data-emphasis-top-spacing='0' data-emphasis-bottom-spacing='0' data-balance-emphasis='50' data-balance-focal-point='content' data-content-area-width='50' data-layout-gutter='0' data-spacing-modifier='1' data-spacing-multiplier-override='1'>\n\t\t\t<div class=\"nb-collection alignfull nb-block-spacing-container\"><div class=\"nb-collection__body\">\n\t\t\t\t<div class=\"nb-collection__layout nb-collection__layout--classic nb-collection__layout--fixed-width\">\n\t\t\t\t\t\n\n\t<div class=\"nb-collection__layout-item\" >\n\t\t<div class=\"nb-supernova-item nb-supernova-item--layout-stacked nb-supernova-item--scrolling-effect-parallax nb-supernova-item--aspect-ratio-landscape sm-palette-1 sm-variation-10\" data-palette='1' data-palette-variation='10' data-color-signal='2' data-content-palette-variation='2' data-content-color-signal='3'>\n\t\t\t<div class=\"nb-supernova-item__media-wrapper\"><div class=\"nb-supernova-item__media-aspect-ratio\"><div class=\"novablocks-doppler__mask novablocks-doppler__wrapper\">\n\t\t\t\t\t<div class=\"nb-supernova-item__media-doppler\"> <img loading=\"lazy\" decoding=\"async\" width=\"1366\" height=\"1366\" src=\"https:\/\/walserhaus.ch\/wp-content\/uploads\/2023\/02\/museo-architettura-ticino-ticinese-architettonico-museo-1366x1366.jpg\" class=\"nb-supernova-item__media novablocks-doppler__target\" alt=\"\" data-shape-modeling-target=\"\" sizes=\"auto, (max-width: 1728px) 100vw, 1728px\" srcset=\"https:\/\/walserhaus.ch\/wp-content\/uploads\/2023\/02\/museo-architettura-ticino-ticinese-architettonico-museo-1366x1366.jpg 1229w, https:\/\/walserhaus.ch\/wp-content\/uploads\/2023\/02\/museo-architettura-ticino-ticinese-architettonico-museo-300x300.jpg 270w, https:\/\/walserhaus.ch\/wp-content\/uploads\/2023\/02\/museo-architettura-ticino-ticinese-architettonico-museo-1024x1024.jpg 922w, https:\/\/walserhaus.ch\/wp-content\/uploads\/2023\/02\/museo-architettura-ticino-ticinese-architettonico-museo-150x150.jpg 135w, https:\/\/walserhaus.ch\/wp-content\/uploads\/2023\/02\/museo-architettura-ticino-ticinese-architettonico-museo-768x768.jpg 691w, https:\/\/walserhaus.ch\/wp-content\/uploads\/2023\/02\/museo-architettura-ticino-ticinese-architettonico-museo-1536x1536.jpg 1382w, https:\/\/walserhaus.ch\/wp-content\/uploads\/2023\/02\/museo-architettura-ticino-ticinese-architettonico-museo-250x250.jpg 225w, https:\/\/walserhaus.ch\/wp-content\/uploads\/2023\/02\/museo-architettura-ticino-ticinese-architettonico-museo-480x480.jpg 432w, https:\/\/walserhaus.ch\/wp-content\/uploads\/2023\/02\/museo-architettura-ticino-ticinese-architettonico-museo.jpg 1728w\" \/>\n<\/div>\n\t\t\t\t<\/div>\n\t\t\t<\/div><\/div>\t\t\t\t<div class=\"nb-supernova-item__content nb-supernova-item__content--valign-center nb-supernova-item__content--halign-center\">\n\t\t\t\t\t<div class=\"nb-supernova-item__inner-container\">\n\t\t\t\t\t\t\n\n<h2 class=\"c-headline has-text-align-center alignnone\"><span class=\"c-headline__secondary\">Le mus\u00e9e<\/span> <span class=\"c-headline__primary\">de l\u2019architecture<\/span><\/h2>\n\n\t\t\t\t\t<\/div>\n\t\t\t\t<\/div>\n\t\t\t\t\t<\/div>\n\t<\/div>\n\n\t\n\n\t\t\t\t<\/div>\n\t\t\t<\/div><\/div>\n\t\t<\/div>\n\n<div class=\"nb-supernova nb-supernova--content-type-custom nb-supernova--card-layout-horizontal nb-supernova--layout-classic nb-supernova--1-columns nb-supernova--valign-center nb-supernova--halign-left nb-supernova--align-wide alignfull sm-palette-1 sm-variation-1 nb-grid__area--landscape nb-grid__area--width-full\" style=\"--nb-media-composition-gap: 20px;--nb-emphasis-area: 100;--nb-overlay-filter-strength: 0;--nb-block-top-spacing: 0;--nb-block-bottom-spacing: 1;--nb-emphasis-top-spacing: 0;--nb-emphasis-bottom-spacing: 0;--nb-card-layout-gap-modifier: 1;--nb-card-content-padding-multiplier: 0;--nb-card-media-padding-multiplier: 0;--nb-card-media-container-height: 50;--nb-card-media-padding-top: 100%;--nb-card-media-object-fit: scale-down;--nb-minimum-container-height: 0vh;--nb-card-content-area-width: 50%;--nb-spacing-modifier: 1;--nb-spacing-multiplier-override: 1;--nb-collection-columns-count: 1;--nb-grid-spacing-modifier: 50\"\n\t\t\t data-variation='novablocks-card-media' data-content-type='custom' data-content-position='center left' data-card-layout='horizontal' data-posts-to-show='1' data-columns='1' data-image-resizing='original' data-block-top-spacing='0' data-block-bottom-spacing='1' data-layout-gutter='100' data-anchor='' data-preview='1' data-header-position='0' data-title='Cards Collection' data-subtitle='A collection of individual cards displayed in a cohesive layout' data-collection-title-level='2' data-palette='1' data-palette-variation='1' data-color-signal='0' data-content-color-signal='0' data-content-palette-variation='1' data-emphasis-area='100' data-images='[]' data-style-preset='the-cloud-atlas' data-size-contrast='0' data-position-shift='0' data-elements-distance='20' data-placement-variation='25' data-image-rotation='0' data-container-height='50' data-object-position='50' data-scrolling-effect='static' data-focal-point='{&quot;x&quot;:0.5,&quot;y&quot;:0.5}' data-final-focal-point='{&quot;x&quot;:0.5,&quot;y&quot;:0.5}' data-initial-background-scale='1' data-final-background-scale='1' data-motion-preset='standard-dynamic' data-follow-through-start='1' data-follow-through-end='1' data-blob-sides='3' data-blob-pattern-seed='3' data-blob-complexity='0' data-blob-smoothness='33' data-blob-rotation='0' data-blob-mask-sides='3' data-blob-mask-pattern-seed='3' data-blob-mask-complexity='0' data-blob-mask-smoothness='33' data-blob-mask-rotation='0' data-blobs-size-balance='50' data-blobs-horizontal-displacement='50' data-blobs-vertical-displacement='50' data-level='2' data-card-title-level='3' data-card-title-font-size='normal' data-collection-title-font-size='normal' data-metadata-position='above-title' data-primary-metadata='category' data-secondary-metadata='date' data-buttons-style='text' data-layout-style='classic' data-grid-gap='50' data-gridcolumns='6' data-gridrows='6' data-featuresize='4' data-featureposition='1' data-fragmentation='1' data-hierarchycrossing='30' data-imageweightleft='1' data-imageweightright='2' data-metadetailsleft='10' data-metadetailsright='6' data-subfeature='1' data-header-column='0' data-carousel-layout='fixed' data-show-media='1' data-show-title='1' data-show-subtitle='1' data-show-description='1' data-show-buttons='1' data-display-inner-content='1' data-show-arrows='1' data-overlay-filter-type='unitone' data-overlay-filter-duotone-config='[]' data-overlay-filter-strength='0' data-media-container-height='50' data-thumbnail-aspect-ratio-string='landscape' data-thumbnail-aspect-ratio='50' data-image-padding='0' data-content-padding='0' data-emphasis-by-space='1' data-emphasis-top-spacing='0' data-emphasis-bottom-spacing='0' data-min-height-fallback='0' data-balance-emphasis='50' data-balance-focal-point='content' data-content-area-width='50' data-spacing-modifier='1' data-spacing-multiplier-override='1'>\n\t\t\t<div class=\"nb-collection alignwide nb-block-spacing-container\"><div class=\"nb-collection__body\">\n\t\t\t\t<div class=\"nb-collection__layout nb-collection__layout--classic nb-collection__layout--fixed-width\">\n\t\t\t\t\t\n\n\t<div class=\"nb-collection__layout-item\" >\n\t\t<div class=\"nb-supernova-item nb-supernova-item--layout-horizontal nb-supernova-item--scrolling-effect-static nb-supernova-item--aspect-ratio-landscape sm-palette-1 sm-variation-1\" data-palette='1' data-palette-variation='1' data-color-signal='0' data-content-palette-variation='1' data-content-color-signal='0'>\n\t\t\t<div class=\"nb-supernova-item__media-wrapper\"><div class=\"nb-supernova-item__media-aspect-ratio\"><div class=\"novablocks-doppler__mask novablocks-doppler__wrapper\">\n\t\t\t\t\t<div class=\"nb-supernova-item__media-doppler\"> <img loading=\"lazy\" decoding=\"async\" width=\"1366\" height=\"831\" src=\"https:\/\/walserhaus.ch\/wp-content\/uploads\/2023\/03\/boscogurin-walser-abitazioni-rustico-case-1366x831.jpg\" class=\"nb-supernova-item__media novablocks-doppler__target\" alt=\"\" data-shape-modeling-target=\"\" sizes=\"auto, (max-width: 768px) 100vw, 50vw\" srcset=\"https:\/\/walserhaus.ch\/wp-content\/uploads\/2023\/03\/boscogurin-walser-abitazioni-rustico-case-1366x831.jpg 1366w, https:\/\/walserhaus.ch\/wp-content\/uploads\/2023\/03\/boscogurin-walser-abitazioni-rustico-case-300x183.jpg 300w, https:\/\/walserhaus.ch\/wp-content\/uploads\/2023\/03\/boscogurin-walser-abitazioni-rustico-case-1024x623.jpg 1024w, https:\/\/walserhaus.ch\/wp-content\/uploads\/2023\/03\/boscogurin-walser-abitazioni-rustico-case-768x467.jpg 768w, https:\/\/walserhaus.ch\/wp-content\/uploads\/2023\/03\/boscogurin-walser-abitazioni-rustico-case-1536x935.jpg 1536w, https:\/\/walserhaus.ch\/wp-content\/uploads\/2023\/03\/boscogurin-walser-abitazioni-rustico-case-2048x1246.jpg 2048w, https:\/\/walserhaus.ch\/wp-content\/uploads\/2023\/03\/boscogurin-walser-abitazioni-rustico-case-250x152.jpg 250w, https:\/\/walserhaus.ch\/wp-content\/uploads\/2023\/03\/boscogurin-walser-abitazioni-rustico-case-480x292.jpg 480w\" \/>\n<\/div>\n\t\t\t\t<\/div>\n\t\t\t<\/div><\/div>\t\t\t\t<div class=\"nb-supernova-item__content nb-supernova-item__content--valign-center nb-supernova-item__content--halign-left\">\n\t\t\t\t\t<div class=\"nb-supernova-item__inner-container\">\n\t\t\t\t\t\t\n\n<h5 class=\"wp-block-heading has-normal-font-size\">Le Mus\u00e9e Walserhaus est aussi un mus\u00e9e de l\u2019architecture qui illustre les caract\u00e9ristiques architecturales particuli\u00e8res qui s\u2019adaptent parfaitement aux conditions difficiles de la vie \u00e0 la montagne.<\/h5>\n\n\n\n<p class=\"has-normal-font-size\">En g\u00e9n\u00e9ral, les maisons et les \u00e9tables pr\u00e9sentent une base en ma\u00e7onnerie sur laquelle repose la structure construite avec la technique du <em>Blockbau<\/em>avec des rondins empil\u00e9s et parfaitement encastr\u00e9s l\u2019un dans l\u2019autre.<br>Les maisons ont une cave avec une entr\u00e9e ind\u00e9pendante. Au rez-de-chauss\u00e9e il y a la cuisine et le petit salon (<em>Schtubu<\/em>). Une petite \u00e9chelle \u00e9troite porte au premier \u00e9tage o\u00f9 se trouvent deux chambres \u00e0 coucher (<em>Schpijchar<\/em>, <em>Zemar<\/em>).<br>Le b\u00e2timent qui abrite le si\u00e8ge du mus\u00e9e, datant de 1386 et structur\u00e9 \u00e0 l'origine comme une habitation pour deux familles, est l'un des plus anciens b\u00e2timents ruraux des Alpes et constitue \u00e0 lui seul un joyau architectural de la culture Walser.\u00a0<\/p>\n\n\t\t\t\t\t<\/div>\n\t\t\t\t<\/div>\n\t\t\t\t\t<\/div>\n\t<\/div>\n\n\t\n\n\t\t\t\t<\/div>\n\t\t\t<\/div><\/div>\n\t\t<\/div>","protected":false},"excerpt":{"rendered":"","protected":false},"author":1,"featured_media":0,"parent":0,"menu_order":0,"comment_status":"closed","ping_status":"closed","template":"","meta":{"novablocks_hero_scroll_indicator":false,"novablocks_hero_position_indicators":false,"supernova_prevent_duplicate":false,"footnotes":""},"class_list":["post-221","page","type-page","status-publish","hentry"],"_links":{"self":[{"href":"https:\/\/walserhaus.ch\/fr\/wp-json\/wp\/v2\/pages\/221","targetHints":{"allow":["GET"]}}],"collection":[{"href":"https:\/\/walserhaus.ch\/fr\/wp-json\/wp\/v2\/pages"}],"about":[{"href":"https:\/\/walserhaus.ch\/fr\/wp-json\/wp\/v2\/types\/page"}],"author":[{"embeddable":true,"href":"https:\/\/walserhaus.ch\/fr\/wp-json\/wp\/v2\/users\/1"}],"replies":[{"embeddable":true,"href":"https:\/\/walserhaus.ch\/fr\/wp-json\/wp\/v2\/comments?post=221"}],"version-history":[{"count":12,"href":"https:\/\/walserhaus.ch\/fr\/wp-json\/wp\/v2\/pages\/221\/revisions"}],"predecessor-version":[{"id":789,"href":"https:\/\/walserhaus.ch\/fr\/wp-json\/wp\/v2\/pages\/221\/revisions\/789"}],"wp:attachment":[{"href":"https:\/\/walserhaus.ch\/fr\/wp-json\/wp\/v2\/media?parent=221"}],"curies":[{"name":"wp","href":"https:\/\/api.w.org\/{rel}","templated":true}]}}