{"id":380,"date":"2023-03-01T18:20:58","date_gmt":"2023-03-01T17:20:58","guid":{"rendered":"http:\/\/freidesign.ch\/walser\/?page_id=380"},"modified":"2024-07-21T16:01:09","modified_gmt":"2024-07-21T14:01:09","slug":"shop","status":"publish","type":"page","link":"https:\/\/walserhaus.ch\/de\/shop\/","title":{"rendered":"Shop"},"content":{"rendered":"<h2 class=\"c-headline has-text-align-left alignwide\"><span class=\"c-headline__secondary\">Ver\u00f6ffentlichungen<\/span> <span class=\"c-headline__primary\">\u00fcber Bosco Gurin, die Walser, den Dialekt und mehr.<br><\/span><\/h2>\n\n\n<div class=\"nb-supernova nb-supernova--content-type-fields nb-supernova--card-layout-vertical nb-supernova--layout-classic nb-supernova--4-columns nb-supernova--valign-top nb-supernova--halign-left nb-supernova--align-wide alignfull sm-palette-1 sm-variation-1 nb-grid__area--portrait nb-grid__area--width-xs\" style=\"--nb-media-composition-gap: 20px;--nb-emphasis-area: 100;--nb-overlay-filter-strength: 0;--nb-block-top-spacing: 1;--nb-block-bottom-spacing: 0;--nb-emphasis-top-spacing: 0;--nb-emphasis-bottom-spacing: 0;--nb-card-layout-gap-modifier: 0.25;--nb-card-content-padding-multiplier: 0;--nb-card-media-padding-multiplier: 0;--nb-card-media-container-height: 50;--nb-card-media-padding-top: 100%;--nb-card-media-object-fit: cover;--nb-minimum-container-height: 0vh;--nb-card-content-area-width: 50%;--nb-spacing-modifier: 1;--nb-spacing-multiplier-override: 1;--nb-collection-columns-count: 4;--nb-grid-spacing-modifier: 50\"\n\t\t\t data-subtitle='Si prega di inoltrare le ordinazioni a: museum@walserhaus.ch&lt;br&gt;Ulteriori pubblicazioni sono disponibili nell\u2019angolo vendita presso il Museo Walserhaus.&lt;br&gt;&lt;br&gt;Tutti i prezzi si intendono spese di imballaggio e di spedizione escluse.' data-card-title-font-size='smallest' data-content-position='top left' data-posts-to-show='9' data-columns='4' data-layout-gutter='25' data-anchor='' data-variation='supernova' data-preview='1' data-header-position='0' data-title='Cards Collection' data-collection-title-level='2' data-content-type='fields' data-palette='1' data-palette-variation='1' data-color-signal='0' data-content-color-signal='0' data-content-palette-variation='1' data-emphasis-area='100' data-images='[]' data-style-preset='the-cloud-atlas' data-size-contrast='0' data-position-shift='0' data-elements-distance='20' data-placement-variation='25' data-image-rotation='0' data-image-resizing='cropped' data-container-height='50' data-object-position='50' data-scrolling-effect='static' data-focal-point='{&quot;x&quot;:0.5,&quot;y&quot;:0.5}' data-final-focal-point='{&quot;x&quot;:0.5,&quot;y&quot;:0.5}' data-initial-background-scale='1' data-final-background-scale='1' data-motion-preset='standard-dynamic' data-follow-through-start='1' data-follow-through-end='1' data-blob-sides='3' data-blob-pattern-seed='3' data-blob-complexity='0' data-blob-smoothness='33' data-blob-rotation='0' data-blob-mask-sides='3' data-blob-mask-pattern-seed='3' data-blob-mask-complexity='0' data-blob-mask-smoothness='33' data-blob-mask-rotation='0' data-blobs-size-balance='50' data-blobs-horizontal-displacement='50' data-blobs-vertical-displacement='50' data-level='2' data-card-title-level='3' data-collection-title-font-size='normal' data-metadata-position='above-title' data-primary-metadata='category' data-secondary-metadata='date' data-buttons-style='text' data-card-layout='vertical' data-layout-style='classic' data-grid-gap='50' data-gridcolumns='6' data-gridrows='6' data-featuresize='4' data-featureposition='1' data-fragmentation='1' data-hierarchycrossing='30' data-imageweightleft='1' data-imageweightright='2' data-metadetailsleft='10' data-metadetailsright='6' data-subfeature='1' data-header-column='0' data-carousel-layout='fixed' data-show-collection-subtitle='1' data-show-media='1' data-show-title='1' data-show-description='1' data-display-inner-content='1' data-show-arrows='1' data-overlay-filter-type='unitone' data-overlay-filter-duotone-config='[]' data-overlay-filter-strength='0' data-media-container-height='50' data-thumbnail-aspect-ratio-string='landscape' data-thumbnail-aspect-ratio='50' data-image-padding='0' data-content-padding='0' data-emphasis-by-space='1' data-block-top-spacing='1' data-block-bottom-spacing='0' data-emphasis-top-spacing='0' data-emphasis-bottom-spacing='0' data-min-height-fallback='0' data-balance-emphasis='50' data-balance-focal-point='content' data-content-area-width='50' data-spacing-modifier='1' data-spacing-multiplier-override='1'>\n\t\t\t<div class=\"nb-collection alignwide nb-block-spacing-container\"><div class=\"nb-collection__header nb-collection__header--has-description\">\n\t\t\t\t<div class=\"nb-collection__inner-container\">\n\t\t\t\t\t<p class=\"nb-collection__subtitle wp-block is-style-lead alignfull\">Bitte senden Sie Ihre Bestellung an:\nmuseum@walserhaus.ch<br>Weitere Publikationen stehen beim Empfang im Museum Walserhaus zur Ansicht und Verkauf zur Verf\u00fcgung.<br><br>Alle Preise verstehen sich zuz\u00fcglich Verpackungs- und Versandkosten.<\/p>\n\t\t\t\t<\/div>\n\t\t\t<\/div><div class=\"nb-collection__body\">\n\t\t\t\t<div class=\"nb-collection__layout nb-collection__layout--classic nb-collection__layout--fixed-width\">\n\t\t\t\t\t\n\n\t<div class=\"nb-collection__layout-item\" >\n\t\t<div class=\"nb-supernova-item nb-supernova-item--layout-vertical nb-supernova-item--scrolling-effect-static nb-supernova-item--aspect-ratio-landscape sm-palette-1 sm-variation-1\" data-palette='1' data-palette-variation='1' data-color-signal='0' data-content-palette-variation='1' data-content-color-signal='0'>\n\t\t\t<div class=\"nb-supernova-item__media-wrapper\"><div class=\"nb-supernova-item__media-aspect-ratio\"><div class=\"novablocks-doppler__mask novablocks-doppler__wrapper\">\n\t\t\t\t\t<div class=\"nb-supernova-item__media-doppler\"> <img loading=\"lazy\" decoding=\"async\" width=\"259\" height=\"258\" src=\"https:\/\/walserhaus.ch\/wp-content\/uploads\/2023\/03\/Mundart-Voci-dialetto-Bosco-Gurin.jpg\" class=\"nb-supernova-item__media novablocks-doppler__target\" alt=\"\" data-shape-modeling-target=\"\" sizes=\"auto, (max-width: 768px) 100vw, 30vw\" srcset=\"https:\/\/walserhaus.ch\/wp-content\/uploads\/2023\/03\/Mundart-Voci-dialetto-Bosco-Gurin.jpg 259w, https:\/\/walserhaus.ch\/wp-content\/uploads\/2023\/03\/Mundart-Voci-dialetto-Bosco-Gurin-150x150.jpg 150w, https:\/\/walserhaus.ch\/wp-content\/uploads\/2023\/03\/Mundart-Voci-dialetto-Bosco-Gurin-250x250.jpg 250w\" \/>\n<\/div>\n\t\t\t\t<\/div>\n\t\t\t<\/div><\/div>\t\t\t\t<div class=\"nb-supernova-item__content nb-supernova-item__content--valign-top nb-supernova-item__content--halign-left\">\n\t\t\t\t\t<div class=\"nb-supernova-item__inner-container\">\n\t\t\t\t\t\t<h3 class=\"nb-card__title has-smallest-font-size\">Aus der Mundart von Gurin<br>Voci del dialetto di Bosco Gurin<\/h3><p class=\"nb-card__description\"><strong>Emily Gerstner-Hirzel<br>Museum Walserhaus, Verlag Armando Dad\u00f2 Editore, 2014<br><br>W\u00f6rterbuch der Substantive von Bosco Gurin (17\u00d724 cm, 488 Seiten)<\/strong><br><br>Preis CHF 42.-<br>Sprache: Walserdialekt von Bosco Gurin \u2013 Deutsch<br>\u2028Vorwort: D \/ I<\/p>\t\t\t\t\t<\/div>\n\t\t\t\t<\/div>\n\t\t\t\t\t<\/div>\n\t<\/div>\n\n\t\n\n\n\t<div class=\"nb-collection__layout-item\" >\n\t\t<div class=\"nb-supernova-item nb-supernova-item--layout-vertical nb-supernova-item--scrolling-effect-static nb-supernova-item--aspect-ratio-landscape sm-palette-1 sm-variation-1\" data-palette='1' data-palette-variation='1' data-color-signal='0' data-content-palette-variation='1' data-content-color-signal='0'>\n\t\t\t<div class=\"nb-supernova-item__media-wrapper\"><div class=\"nb-supernova-item__media-aspect-ratio\"><div class=\"novablocks-doppler__mask novablocks-doppler__wrapper\">\n\t\t\t\t\t<div class=\"nb-supernova-item__media-doppler\"> <img loading=\"lazy\" decoding=\"async\" width=\"259\" height=\"258\" src=\"https:\/\/walserhaus.ch\/wp-content\/uploads\/2023\/03\/Bosco-Gurin-villaggio-Walser-Ticino.jpg\" class=\"nb-supernova-item__media novablocks-doppler__target\" alt=\"\" data-shape-modeling-target=\"\" sizes=\"auto, (max-width: 768px) 100vw, 30vw\" srcset=\"https:\/\/walserhaus.ch\/wp-content\/uploads\/2023\/03\/Bosco-Gurin-villaggio-Walser-Ticino.jpg 259w, https:\/\/walserhaus.ch\/wp-content\/uploads\/2023\/03\/Bosco-Gurin-villaggio-Walser-Ticino-150x150.jpg 150w, https:\/\/walserhaus.ch\/wp-content\/uploads\/2023\/03\/Bosco-Gurin-villaggio-Walser-Ticino-250x250.jpg 250w\" \/>\n<\/div>\n\t\t\t\t<\/div>\n\t\t\t<\/div><\/div>\t\t\t\t<div class=\"nb-supernova-item__content nb-supernova-item__content--valign-top nb-supernova-item__content--halign-left\">\n\t\t\t\t\t<div class=\"nb-supernova-item__inner-container\">\n\t\t\t\t\t\t<h3 class=\"nb-card__title has-smallest-font-size\">Bosco Gurin, Il villaggio Walser nel Ticino<\/h3><p class=\"nb-card__description\"><strong>Tobias Tomamichel<br>Gesellschaft Walserhaus Bosco Gurin<br><br>\u00dcberarbeitete Ausgabe, 2023<br>Heft (24 Seiten) mit Bildern von Hans Tomamichel<\/strong><br><br>Preis CHF 5.-<br>Erh\u00e4ltlich in den folgenden Sprachen: <br>Italienisch, Deutsch, Franz\u00f6sisch und Englisch.<\/p>\t\t\t\t\t<\/div>\n\t\t\t\t<\/div>\n\t\t\t\t\t<\/div>\n\t<\/div>\n\n\t\n\n\n\t<div class=\"nb-collection__layout-item\" >\n\t\t<div class=\"nb-supernova-item nb-supernova-item--layout-vertical nb-supernova-item--scrolling-effect-static nb-supernova-item--aspect-ratio-landscape sm-palette-1 sm-variation-1\" data-palette='1' data-palette-variation='1' data-color-signal='0' data-content-palette-variation='1' data-content-color-signal='0'>\n\t\t\t<div class=\"nb-supernova-item__media-wrapper\"><div class=\"nb-supernova-item__media-aspect-ratio\"><div class=\"novablocks-doppler__mask novablocks-doppler__wrapper\">\n\t\t\t\t\t<div class=\"nb-supernova-item__media-doppler\"> <img loading=\"lazy\" decoding=\"async\" width=\"259\" height=\"258\" src=\"https:\/\/walserhaus.ch\/wp-content\/uploads\/2023\/03\/Bosco-Gurin-Walserdorf-Tessin.jpg\" class=\"nb-supernova-item__media novablocks-doppler__target\" alt=\"\" data-shape-modeling-target=\"\" sizes=\"auto, (max-width: 768px) 100vw, 30vw\" srcset=\"https:\/\/walserhaus.ch\/wp-content\/uploads\/2023\/03\/Bosco-Gurin-Walserdorf-Tessin.jpg 259w, https:\/\/walserhaus.ch\/wp-content\/uploads\/2023\/03\/Bosco-Gurin-Walserdorf-Tessin-150x150.jpg 150w, https:\/\/walserhaus.ch\/wp-content\/uploads\/2023\/03\/Bosco-Gurin-Walserdorf-Tessin-250x250.jpg 250w\" \/>\n<\/div>\n\t\t\t\t<\/div>\n\t\t\t<\/div><\/div>\t\t\t\t<div class=\"nb-supernova-item__content nb-supernova-item__content--valign-top nb-supernova-item__content--halign-left\">\n\t\t\t\t\t<div class=\"nb-supernova-item__inner-container\">\n\t\t\t\t\t\t<h3 class=\"nb-card__title has-smallest-font-size\">Bosco Gurin, das Walserdorf im Tessin<\/h3><p class=\"nb-card__description\"><strong>Tobias Tomamichel<br>Gesellschaft Walserhaus Bosco Gurin<br><br>4. \u00fcberarbeitete Ausgabe, 1997<br>Buch (276 Seiten) mit Bildern von Hans Tomamichel<\/strong><br><br>Preis CHF 29.-<br>In deutscher Sprache erh\u00e4ltlich<\/p>\t\t\t\t\t<\/div>\n\t\t\t\t<\/div>\n\t\t\t\t\t<\/div>\n\t<\/div>\n\n\t\n\n\n\t<div class=\"nb-collection__layout-item\" >\n\t\t<div class=\"nb-supernova-item nb-supernova-item--layout-vertical nb-supernova-item--scrolling-effect-static nb-supernova-item--aspect-ratio-landscape sm-palette-1 sm-variation-1\" data-palette='1' data-palette-variation='1' data-color-signal='0' data-content-palette-variation='1' data-content-color-signal='0'>\n\t\t\t<div class=\"nb-supernova-item__media-wrapper\"><div class=\"nb-supernova-item__media-aspect-ratio\"><div class=\"novablocks-doppler__mask novablocks-doppler__wrapper\">\n\t\t\t\t\t<div class=\"nb-supernova-item__media-doppler\"> <img loading=\"lazy\" decoding=\"async\" width=\"259\" height=\"258\" src=\"https:\/\/walserhaus.ch\/wp-content\/uploads\/2023\/03\/storia-bosco-gurin-walser.jpg\" class=\"nb-supernova-item__media novablocks-doppler__target\" alt=\"\" data-shape-modeling-target=\"\" sizes=\"auto, (max-width: 768px) 100vw, 30vw\" srcset=\"https:\/\/walserhaus.ch\/wp-content\/uploads\/2023\/03\/storia-bosco-gurin-walser.jpg 259w, https:\/\/walserhaus.ch\/wp-content\/uploads\/2023\/03\/storia-bosco-gurin-walser-150x150.jpg 150w, https:\/\/walserhaus.ch\/wp-content\/uploads\/2023\/03\/storia-bosco-gurin-walser-250x250.jpg 250w\" \/>\n<\/div>\n\t\t\t\t<\/div>\n\t\t\t<\/div><\/div>\t\t\t\t<div class=\"nb-supernova-item__content nb-supernova-item__content--valign-top nb-supernova-item__content--halign-left\">\n\t\t\t\t\t<div class=\"nb-supernova-item__inner-container\">\n\t\t\t\t\t\t<h3 class=\"nb-card__title has-smallest-font-size\">Geschichte von Bosco Gurin<\/h3><p class=\"nb-card__description\"><strong>Enrico Rizzi, Leonhard Tomamichel, Giorgio Filippini<br>Gesellschaft Walserhaus Bosco Gurin,<br>Fondazione Enrico Monti (I), 2009<br>Buch (216 Seiten) mit Fotos von Carlo Pessina<\/strong><br><br>Preis CHF 90.-<br>Erh\u00e4ltlich in den folgenden Sprachen: <br>Italienisch und Deutsch<br>ISBN 88-85295-54-1<\/p>\t\t\t\t\t<\/div>\n\t\t\t\t<\/div>\n\t\t\t\t\t<\/div>\n\t<\/div>\n\n\t\n\n\n\t<div class=\"nb-collection__layout-item\" >\n\t\t<div class=\"nb-supernova-item nb-supernova-item--layout-vertical nb-supernova-item--scrolling-effect-static nb-supernova-item--aspect-ratio-landscape sm-palette-1 sm-variation-1\" data-palette='1' data-palette-variation='1' data-color-signal='0' data-content-palette-variation='1' data-content-color-signal='0'>\n\t\t\t<div class=\"nb-supernova-item__media-wrapper\"><div class=\"nb-supernova-item__media-aspect-ratio\"><div class=\"novablocks-doppler__mask novablocks-doppler__wrapper\">\n\t\t\t\t\t<div class=\"nb-supernova-item__media-doppler\"> <img loading=\"lazy\" decoding=\"async\" width=\"259\" height=\"258\" src=\"https:\/\/walserhaus.ch\/wp-content\/uploads\/2023\/03\/hans-tomamichel-boscogurin-zuerich.jpg\" class=\"nb-supernova-item__media novablocks-doppler__target\" alt=\"\" data-shape-modeling-target=\"\" sizes=\"auto, (max-width: 768px) 100vw, 30vw\" srcset=\"https:\/\/walserhaus.ch\/wp-content\/uploads\/2023\/03\/hans-tomamichel-boscogurin-zuerich.jpg 259w, https:\/\/walserhaus.ch\/wp-content\/uploads\/2023\/03\/hans-tomamichel-boscogurin-zuerich-150x150.jpg 150w, https:\/\/walserhaus.ch\/wp-content\/uploads\/2023\/03\/hans-tomamichel-boscogurin-zuerich-250x250.jpg 250w\" \/>\n<\/div>\n\t\t\t\t<\/div>\n\t\t\t<\/div><\/div>\t\t\t\t<div class=\"nb-supernova-item__content nb-supernova-item__content--valign-top nb-supernova-item__content--halign-left\">\n\t\t\t\t\t<div class=\"nb-supernova-item__inner-container\">\n\t\t\t\t\t\t<h3 class=\"nb-card__title has-smallest-font-size\">Hans Tomamichel, Bosco Gurin, Z\u00fcrich, Paris<\/h3><p class=\"nb-card__description\"><strong>Annegret Diethelm<br>Gesellschaft Walserhaus Bosco Gurin, 2001<br><br>Katalog (132 Seiten) zur Ausstellung von 2001<br>mit Bildern von Hans Tomamichel<\/strong><br><br>Preis CHF 49.-<br>Zweisprachige Ausgabe: Italienisch und Deutsch<br>ISBN 3-907496-12-4<\/p>\t\t\t\t\t<\/div>\n\t\t\t\t<\/div>\n\t\t\t\t\t<\/div>\n\t<\/div>\n\n\t\n\n\n\t<div class=\"nb-collection__layout-item\" >\n\t\t<div class=\"nb-supernova-item nb-supernova-item--layout-vertical nb-supernova-item--scrolling-effect-static nb-supernova-item--aspect-ratio-landscape sm-palette-1 sm-variation-1\" data-palette='1' data-palette-variation='1' data-color-signal='0' data-content-palette-variation='1' data-content-color-signal='0'>\n\t\t\t<div class=\"nb-supernova-item__media-wrapper\"><div class=\"nb-supernova-item__media-aspect-ratio\"><div class=\"novablocks-doppler__mask novablocks-doppler__wrapper\">\n\t\t\t\t\t<div class=\"nb-supernova-item__media-doppler\"> <img loading=\"lazy\" decoding=\"async\" width=\"259\" height=\"258\" src=\"https:\/\/walserhaus.ch\/wp-content\/uploads\/2023\/03\/boscogurin-dorf-paese-walser.jpg\" class=\"nb-supernova-item__media novablocks-doppler__target\" alt=\"\" data-shape-modeling-target=\"\" sizes=\"auto, (max-width: 768px) 100vw, 30vw\" srcset=\"https:\/\/walserhaus.ch\/wp-content\/uploads\/2023\/03\/boscogurin-dorf-paese-walser.jpg 259w, https:\/\/walserhaus.ch\/wp-content\/uploads\/2023\/03\/boscogurin-dorf-paese-walser-150x150.jpg 150w, https:\/\/walserhaus.ch\/wp-content\/uploads\/2023\/03\/boscogurin-dorf-paese-walser-250x250.jpg 250w\" \/>\n<\/div>\n\t\t\t\t<\/div>\n\t\t\t<\/div><\/div>\t\t\t\t<div class=\"nb-supernova-item__content nb-supernova-item__content--valign-top nb-supernova-item__content--halign-left\">\n\t\t\t\t\t<div class=\"nb-supernova-item__inner-container\">\n\t\t\t\t\t\t<h3 class=\"nb-card__title has-smallest-font-size\">Ein Dorf der freien Walser \u2013 Documentarfilm<\/h3><p class=\"nb-card__description\"><strong>Karl Skripsky<br>Neue Ausgabe auf DVD, 2010<br>Dokument aus dem Jahr 1972, \u00a9 Condor Film, Z\u00fcrich.<br>Dauer: 35 Min.<\/strong><br><br>Preis CHF 18.-<br>Kommentar auf Deutsch<\/p>\t\t\t\t\t<\/div>\n\t\t\t\t<\/div>\n\t\t\t\t\t<\/div>\n\t<\/div>\n\n\t\n\n\n\t<div class=\"nb-collection__layout-item\" >\n\t\t<div class=\"nb-supernova-item nb-supernova-item--layout-vertical nb-supernova-item--scrolling-effect-static nb-supernova-item--aspect-ratio-landscape sm-palette-1 sm-variation-1\" data-palette='1' data-palette-variation='1' data-color-signal='0' data-content-palette-variation='1' data-content-color-signal='0'>\n\t\t\t<div class=\"nb-supernova-item__media-wrapper\"><div class=\"nb-supernova-item__media-aspect-ratio\"><div class=\"novablocks-doppler__mask novablocks-doppler__wrapper\">\n\t\t\t\t\t<div class=\"nb-supernova-item__media-doppler\"> <img loading=\"lazy\" decoding=\"async\" width=\"259\" height=\"258\" src=\"https:\/\/walserhaus.ch\/wp-content\/uploads\/2023\/04\/escursioni-botaniche-wanderungen-ok.jpg\" class=\"nb-supernova-item__media novablocks-doppler__target\" alt=\"\" data-shape-modeling-target=\"\" sizes=\"auto, (max-width: 768px) 100vw, 30vw\" srcset=\"https:\/\/walserhaus.ch\/wp-content\/uploads\/2023\/04\/escursioni-botaniche-wanderungen-ok.jpg 259w, https:\/\/walserhaus.ch\/wp-content\/uploads\/2023\/04\/escursioni-botaniche-wanderungen-ok-150x150.jpg 150w, https:\/\/walserhaus.ch\/wp-content\/uploads\/2023\/04\/escursioni-botaniche-wanderungen-ok-250x250.jpg 250w\" \/>\n<\/div>\n\t\t\t\t<\/div>\n\t\t\t<\/div><\/div>\t\t\t\t<div class=\"nb-supernova-item__content nb-supernova-item__content--valign-top nb-supernova-item__content--halign-left\">\n\t\t\t\t\t<div class=\"nb-supernova-item__inner-container\">\n\t\t\t\t\t\t<h3 class=\"nb-card__title has-smallest-font-size\">Botanisch-geologische Wanderungen im Gebiet von Bosco Gurin<\/h3><p class=\"nb-card__description\"><strong>Hrsg. Fedele Airoldi, Gino und Ivano Sartori<br>Gesellschaft Walserhaus Bosco Gurin, 2018<\/strong><br><br>Preis CHF 22.-<br>Zweisprachige Ausgabe: Italienisch und Deutsch<\/p>\t\t\t\t\t<\/div>\n\t\t\t\t<\/div>\n\t\t\t\t\t<\/div>\n\t<\/div>\n\n\t\n\n\n\t<div class=\"nb-collection__layout-item\" >\n\t\t<div class=\"nb-supernova-item nb-supernova-item--layout-vertical nb-supernova-item--scrolling-effect-static nb-supernova-item--aspect-ratio-landscape sm-palette-1 sm-variation-1\" data-palette='1' data-palette-variation='1' data-color-signal='0' data-content-palette-variation='1' data-content-color-signal='0'>\n\t\t\t<div class=\"nb-supernova-item__media-wrapper\"><div class=\"nb-supernova-item__media-aspect-ratio\"><div class=\"novablocks-doppler__mask novablocks-doppler__wrapper\">\n\t\t\t\t\t<div class=\"nb-supernova-item__media-doppler\"> <img loading=\"lazy\" decoding=\"async\" width=\"259\" height=\"258\" src=\"https:\/\/walserhaus.ch\/wp-content\/uploads\/2023\/04\/albero-genealogico-bosco-gurin-ok.jpg\" class=\"nb-supernova-item__media novablocks-doppler__target\" alt=\"\" data-shape-modeling-target=\"\" sizes=\"auto, (max-width: 768px) 100vw, 30vw\" srcset=\"https:\/\/walserhaus.ch\/wp-content\/uploads\/2023\/04\/albero-genealogico-bosco-gurin-ok.jpg 259w, https:\/\/walserhaus.ch\/wp-content\/uploads\/2023\/04\/albero-genealogico-bosco-gurin-ok-150x150.jpg 150w, https:\/\/walserhaus.ch\/wp-content\/uploads\/2023\/04\/albero-genealogico-bosco-gurin-ok-250x250.jpg 250w\" \/>\n<\/div>\n\t\t\t\t<\/div>\n\t\t\t<\/div><\/div>\t\t\t\t<div class=\"nb-supernova-item__content nb-supernova-item__content--valign-top nb-supernova-item__content--halign-left\">\n\t\t\t\t\t<div class=\"nb-supernova-item__inner-container\">\n\t\t\t\t\t\t<h3 class=\"nb-card__title has-smallest-font-size\">Ggurijnar Scht\u00e5mmb\u00f6mm\nStammbaum von Bosco Gurin<\/h3><p class=\"nb-card__description\"><strong>Hrsg. Renato Simona<br>Gesellschaft Walserhaus Bosco Gurin, 2022<br>Buch (111 S.) mit beigelegten Ausz\u00fcgen aus den Stammb\u00e4umen der 6 Guriner Familien<\/strong><br><br>Preis CHF 45.- <br>Zweisprachige Ausgabe: Italienisch und Deutsch<br><strong>Nicht auf Lager<\/strong><\/p>\t\t\t\t\t<\/div>\n\t\t\t\t<\/div>\n\t\t\t\t\t<\/div>\n\t<\/div>\n\n\t\n\n\n\t<div class=\"nb-collection__layout-item\" >\n\t\t<div class=\"nb-supernova-item nb-supernova-item--layout-vertical nb-supernova-item--scrolling-effect-static nb-supernova-item--aspect-ratio-landscape sm-palette-1 sm-variation-1\" data-palette='1' data-palette-variation='1' data-color-signal='0' data-content-palette-variation='1' data-content-color-signal='0'>\n\t\t\t<div class=\"nb-supernova-item__media-wrapper\"><div class=\"nb-supernova-item__media-aspect-ratio\"><div class=\"novablocks-doppler__mask novablocks-doppler__wrapper\">\n\t\t\t\t\t<div class=\"nb-supernova-item__media-doppler\"> <img loading=\"lazy\" decoding=\"async\" width=\"768\" height=\"768\" src=\"https:\/\/walserhaus.ch\/wp-content\/uploads\/2024\/07\/copertina_storie_I.jpeg\" class=\"nb-supernova-item__media novablocks-doppler__target\" alt=\"\" data-shape-modeling-target=\"\" sizes=\"auto, (max-width: 768px) 100vw, 30vw\" srcset=\"https:\/\/walserhaus.ch\/wp-content\/uploads\/2024\/07\/copertina_storie_I.jpeg 768w, https:\/\/walserhaus.ch\/wp-content\/uploads\/2024\/07\/copertina_storie_I-300x300.jpeg 300w, https:\/\/walserhaus.ch\/wp-content\/uploads\/2024\/07\/copertina_storie_I-150x150.jpeg 150w, https:\/\/walserhaus.ch\/wp-content\/uploads\/2024\/07\/copertina_storie_I-12x12.jpeg 12w, https:\/\/walserhaus.ch\/wp-content\/uploads\/2024\/07\/copertina_storie_I-250x250.jpeg 250w, https:\/\/walserhaus.ch\/wp-content\/uploads\/2024\/07\/copertina_storie_I-480x480.jpeg 480w\" \/>\n<\/div>\n\t\t\t\t<\/div>\n\t\t\t<\/div><\/div>\t\t\t\t<div class=\"nb-supernova-item__content nb-supernova-item__content--valign-top nb-supernova-item__content--halign-left\">\n\t\t\t\t\t<div class=\"nb-supernova-item__inner-container\">\n\t\t\t\t\t\t<h3 class=\"nb-card__title has-smallest-font-size\">Die Geschichte von Gurin<\/h3><p class=\"nb-card__description\"><strong>Hrsg. Francesca Pedrocchi <\/strong><strong><br>Gesellschaft Walserhaus Bosco Gurin, 2024<br>Buch (44 Seiten) mit Bildern von Zita Sartori<\/strong><br><br>Preis CHF 9.- <br>Erh\u00e4ltlich in den folgenden Sprachen: Italienisch und Deutsch<\/p>\t\t\t\t\t<\/div>\n\t\t\t\t<\/div>\n\t\t\t\t\t<\/div>\n\t<\/div>\n\n\t\n\n\t\t\t\t<\/div>\n\t\t\t<\/div><\/div>\n\t\t<\/div>\n\n\n<p class=\"has-normal-font-size\"><\/p>\n\n\n\n<p class=\"has-normal-font-size\"><\/p>","protected":false},"excerpt":{"rendered":"","protected":false},"author":1,"featured_media":0,"parent":0,"menu_order":0,"comment_status":"closed","ping_status":"closed","template":"","meta":{"novablocks_hero_scroll_indicator":false,"novablocks_hero_position_indicators":false,"supernova_prevent_duplicate":false,"footnotes":""},"class_list":["post-380","page","type-page","status-publish","hentry"],"_links":{"self":[{"href":"https:\/\/walserhaus.ch\/de\/wp-json\/wp\/v2\/pages\/380","targetHints":{"allow":["GET"]}}],"collection":[{"href":"https:\/\/walserhaus.ch\/de\/wp-json\/wp\/v2\/pages"}],"about":[{"href":"https:\/\/walserhaus.ch\/de\/wp-json\/wp\/v2\/types\/page"}],"author":[{"embeddable":true,"href":"https:\/\/walserhaus.ch\/de\/wp-json\/wp\/v2\/users\/1"}],"replies":[{"embeddable":true,"href":"https:\/\/walserhaus.ch\/de\/wp-json\/wp\/v2\/comments?post=380"}],"version-history":[{"count":16,"href":"https:\/\/walserhaus.ch\/de\/wp-json\/wp\/v2\/pages\/380\/revisions"}],"predecessor-version":[{"id":1020,"href":"https:\/\/walserhaus.ch\/de\/wp-json\/wp\/v2\/pages\/380\/revisions\/1020"}],"wp:attachment":[{"href":"https:\/\/walserhaus.ch\/de\/wp-json\/wp\/v2\/media?parent=380"}],"curies":[{"name":"wp","href":"https:\/\/api.w.org\/{rel}","templated":true}]}}