{"id":278,"date":"2023-03-01T11:19:54","date_gmt":"2023-03-01T10:19:54","guid":{"rendered":"http:\/\/freidesign.ch\/walser\/?page_id=278"},"modified":"2023-03-02T09:57:47","modified_gmt":"2023-03-02T08:57:47","slug":"museo-storico","status":"publish","type":"page","link":"https:\/\/walserhaus.ch\/de\/museo-storico\/","title":{"rendered":"Geschichtsmuseum"},"content":{"rendered":"<div class=\"nb-supernova nb-supernova--content-type-custom nb-supernova--card-layout-stacked nb-supernova--layout-classic nb-supernova--1-columns nb-supernova--valign-center nb-supernova--halign-center nb-supernova--align-full alignfull sm-palette-1 sm-variation-1 nb-grid__area--portrait nb-grid__area--width-full\" style=\"--nb-media-composition-gap: 20px;--nb-emphasis-area: 100;--nb-overlay-filter-strength: 0.3;--nb-block-top-spacing: 0;--nb-block-bottom-spacing: 1;--nb-emphasis-top-spacing: 0;--nb-emphasis-bottom-spacing: 0;--nb-card-layout-gap-modifier: 0;--nb-card-content-padding-multiplier: 1;--nb-card-media-padding-multiplier: 0;--nb-card-media-container-height: 50;--nb-card-media-padding-top: 100%;--nb-card-media-object-fit: cover;--nb-minimum-container-height: 50vh;--nb-card-content-area-width: 50%;--nb-spacing-modifier: 1;--nb-spacing-multiplier-override: 1;--nb-collection-columns-count: 1;--nb-grid-spacing-modifier: 50\"\n\t\t\t data-variation='novablocks-card-hero' data-content-type='custom' data-card-layout='stacked' data-posts-to-show='1' data-columns='1' data-overlay-filter-strength='30' data-content-padding='100' data-block-top-spacing='0' data-block-bottom-spacing='1' data-min-height-fallback='50' data-content-color-signal='3' data-content-palette-variation='10' data-scrolling-effect='parallax' data-anchor='' data-preview='1' data-header-position='0' data-title='Cards Collection' data-subtitle='A collection of individual cards displayed in a cohesive layout' data-collection-title-level='2' data-palette='1' data-palette-variation='1' data-color-signal='0' data-emphasis-area='100' data-images='[]' data-style-preset='the-cloud-atlas' data-size-contrast='0' data-position-shift='0' data-elements-distance='20' data-placement-variation='25' data-image-rotation='0' data-image-resizing='cropped' data-container-height='50' data-object-position='50' data-focal-point='{&quot;x&quot;:0.5,&quot;y&quot;:0.5}' data-final-focal-point='{&quot;x&quot;:0.5,&quot;y&quot;:0.5}' data-initial-background-scale='1' data-final-background-scale='1' data-motion-preset='standard-dynamic' data-follow-through-start='1' data-follow-through-end='1' data-blob-sides='3' data-blob-pattern-seed='3' data-blob-complexity='0' data-blob-smoothness='33' data-blob-rotation='0' data-blob-mask-sides='3' data-blob-mask-pattern-seed='3' data-blob-mask-complexity='0' data-blob-mask-smoothness='33' data-blob-mask-rotation='0' data-blobs-size-balance='50' data-blobs-horizontal-displacement='50' data-blobs-vertical-displacement='50' data-level='2' data-card-title-level='3' data-card-title-font-size='normal' data-collection-title-font-size='normal' data-metadata-position='above-title' data-primary-metadata='category' data-secondary-metadata='date' data-buttons-style='text' data-layout-style='classic' data-grid-gap='50' data-gridcolumns='6' data-gridrows='6' data-featuresize='4' data-featureposition='1' data-fragmentation='1' data-hierarchycrossing='30' data-imageweightleft='1' data-imageweightright='2' data-metadetailsleft='10' data-metadetailsright='6' data-subfeature='1' data-header-column='0' data-carousel-layout='fixed' data-content-position='center center' data-show-media='1' data-show-title='1' data-show-subtitle='1' data-show-description='1' data-show-buttons='1' data-display-inner-content='1' data-show-arrows='1' data-overlay-filter-type='unitone' data-overlay-filter-duotone-config='[]' data-media-container-height='50' data-thumbnail-aspect-ratio-string='landscape' data-thumbnail-aspect-ratio='50' data-image-padding='0' data-emphasis-by-space='1' data-emphasis-top-spacing='0' data-emphasis-bottom-spacing='0' data-balance-emphasis='50' data-balance-focal-point='content' data-content-area-width='50' data-layout-gutter='0' data-spacing-modifier='1' data-spacing-multiplier-override='1'>\n\t\t\t<div class=\"nb-collection alignfull nb-block-spacing-container\"><div class=\"nb-collection__body\">\n\t\t\t\t<div class=\"nb-collection__layout nb-collection__layout--classic nb-collection__layout--fixed-width\">\n\t\t\t\t\t\n\n\t<div class=\"nb-collection__layout-item\" >\n\t\t<div class=\"nb-supernova-item nb-supernova-item--layout-stacked nb-supernova-item--scrolling-effect-parallax nb-supernova-item--aspect-ratio-landscape sm-palette-1 sm-variation-10\" data-palette='1' data-palette-variation='10' data-color-signal='2' data-content-palette-variation='2' data-content-color-signal='3'>\n\t\t\t<div class=\"nb-supernova-item__media-wrapper\"><div class=\"nb-supernova-item__media-aspect-ratio\"><div class=\"novablocks-doppler__mask novablocks-doppler__wrapper\">\n\t\t\t\t\t<div class=\"nb-supernova-item__media-doppler\"> <img loading=\"lazy\" decoding=\"async\" width=\"1366\" height=\"1366\" src=\"https:\/\/walserhaus.ch\/wp-content\/uploads\/2023\/03\/filatura-tessitura-artigianato-red-1-1366x1366.jpg\" class=\"nb-supernova-item__media novablocks-doppler__target\" alt=\"\" data-shape-modeling-target=\"\" sizes=\"auto, (max-width: 1728px) 100vw, 1728px\" srcset=\"https:\/\/walserhaus.ch\/wp-content\/uploads\/2023\/03\/filatura-tessitura-artigianato-red-1-1366x1366.jpg 1229w, https:\/\/walserhaus.ch\/wp-content\/uploads\/2023\/03\/filatura-tessitura-artigianato-red-1-300x300.jpg 270w, https:\/\/walserhaus.ch\/wp-content\/uploads\/2023\/03\/filatura-tessitura-artigianato-red-1-1024x1024.jpg 922w, https:\/\/walserhaus.ch\/wp-content\/uploads\/2023\/03\/filatura-tessitura-artigianato-red-1-150x150.jpg 135w, https:\/\/walserhaus.ch\/wp-content\/uploads\/2023\/03\/filatura-tessitura-artigianato-red-1-768x768.jpg 691w, https:\/\/walserhaus.ch\/wp-content\/uploads\/2023\/03\/filatura-tessitura-artigianato-red-1-1536x1536.jpg 1382w, https:\/\/walserhaus.ch\/wp-content\/uploads\/2023\/03\/filatura-tessitura-artigianato-red-1-250x250.jpg 225w, https:\/\/walserhaus.ch\/wp-content\/uploads\/2023\/03\/filatura-tessitura-artigianato-red-1-480x480.jpg 432w, https:\/\/walserhaus.ch\/wp-content\/uploads\/2023\/03\/filatura-tessitura-artigianato-red-1.jpg 1728w\" \/>\n<\/div>\n\t\t\t\t<\/div>\n\t\t\t<\/div><\/div>\t\t\t\t<div class=\"nb-supernova-item__content nb-supernova-item__content--valign-center nb-supernova-item__content--halign-center\">\n\t\t\t\t\t<div class=\"nb-supernova-item__inner-container\">\n\t\t\t\t\t\t\n\n<h2 class=\"c-headline has-text-align-center alignnone\"><span class=\"c-headline__secondary\">Das Museum<\/span> <span class=\"c-headline__primary\">Geschichtsmuseum<\/span><\/h2>\n\n\t\t\t\t\t<\/div>\n\t\t\t\t<\/div>\n\t\t\t\t\t<\/div>\n\t<\/div>\n\n\t\n\n\t\t\t\t<\/div>\n\t\t\t<\/div><\/div>\n\t\t<\/div>\n\n<div class=\"nb-supernova nb-supernova--content-type-custom nb-supernova--card-layout-horizontal nb-supernova--layout-classic nb-supernova--1-columns nb-supernova--valign-center nb-supernova--halign-left nb-supernova--align-wide alignfull sm-palette-1 sm-variation-1 nb-grid__area--landscape nb-grid__area--width-full\" style=\"--nb-media-composition-gap: 20px;--nb-emphasis-area: 100;--nb-overlay-filter-strength: 0;--nb-block-top-spacing: 0;--nb-block-bottom-spacing: 1;--nb-emphasis-top-spacing: 0;--nb-emphasis-bottom-spacing: 0;--nb-card-layout-gap-modifier: 1;--nb-card-content-padding-multiplier: 0;--nb-card-media-padding-multiplier: 0;--nb-card-media-container-height: 50;--nb-card-media-padding-top: 100%;--nb-card-media-object-fit: scale-down;--nb-minimum-container-height: 0vh;--nb-card-content-area-width: 50%;--nb-spacing-modifier: 1;--nb-spacing-multiplier-override: 1;--nb-collection-columns-count: 1;--nb-grid-spacing-modifier: 50\"\n\t\t\t data-variation='novablocks-card-media' data-content-type='custom' data-content-position='center left' data-card-layout='horizontal' data-posts-to-show='1' data-columns='1' data-image-resizing='original' data-block-top-spacing='0' data-block-bottom-spacing='1' data-layout-gutter='100' data-anchor='' data-preview='1' data-header-position='0' data-title='Cards Collection' data-subtitle='A collection of individual cards displayed in a cohesive layout' data-collection-title-level='2' data-palette='1' data-palette-variation='1' data-color-signal='0' data-content-color-signal='0' data-content-palette-variation='1' data-emphasis-area='100' data-images='[]' data-style-preset='the-cloud-atlas' data-size-contrast='0' data-position-shift='0' data-elements-distance='20' data-placement-variation='25' data-image-rotation='0' data-container-height='50' data-object-position='50' data-scrolling-effect='static' data-focal-point='{&quot;x&quot;:0.5,&quot;y&quot;:0.5}' data-final-focal-point='{&quot;x&quot;:0.5,&quot;y&quot;:0.5}' data-initial-background-scale='1' data-final-background-scale='1' data-motion-preset='standard-dynamic' data-follow-through-start='1' data-follow-through-end='1' data-blob-sides='3' data-blob-pattern-seed='3' data-blob-complexity='0' data-blob-smoothness='33' data-blob-rotation='0' data-blob-mask-sides='3' data-blob-mask-pattern-seed='3' data-blob-mask-complexity='0' data-blob-mask-smoothness='33' data-blob-mask-rotation='0' data-blobs-size-balance='50' data-blobs-horizontal-displacement='50' data-blobs-vertical-displacement='50' data-level='2' data-card-title-level='3' data-card-title-font-size='normal' data-collection-title-font-size='normal' data-metadata-position='above-title' data-primary-metadata='category' data-secondary-metadata='date' data-buttons-style='text' data-layout-style='classic' data-grid-gap='50' data-gridcolumns='6' data-gridrows='6' data-featuresize='4' data-featureposition='1' data-fragmentation='1' data-hierarchycrossing='30' data-imageweightleft='1' data-imageweightright='2' data-metadetailsleft='10' data-metadetailsright='6' data-subfeature='1' data-header-column='0' data-carousel-layout='fixed' data-show-media='1' data-show-title='1' data-show-subtitle='1' data-show-description='1' data-show-buttons='1' data-display-inner-content='1' data-show-arrows='1' data-overlay-filter-type='unitone' data-overlay-filter-duotone-config='[]' data-overlay-filter-strength='0' data-media-container-height='50' data-thumbnail-aspect-ratio-string='landscape' data-thumbnail-aspect-ratio='50' data-image-padding='0' data-content-padding='0' data-emphasis-by-space='1' data-emphasis-top-spacing='0' data-emphasis-bottom-spacing='0' data-min-height-fallback='0' data-balance-emphasis='50' data-balance-focal-point='content' data-content-area-width='50' data-spacing-modifier='1' data-spacing-multiplier-override='1'>\n\t\t\t<div class=\"nb-collection alignwide nb-block-spacing-container\"><div class=\"nb-collection__body\">\n\t\t\t\t<div class=\"nb-collection__layout nb-collection__layout--classic nb-collection__layout--fixed-width\">\n\t\t\t\t\t\n\n\t<div class=\"nb-collection__layout-item\" >\n\t\t<div class=\"nb-supernova-item nb-supernova-item--layout-horizontal nb-supernova-item--scrolling-effect-static nb-supernova-item--aspect-ratio-landscape sm-palette-1 sm-variation-1\" data-palette='1' data-palette-variation='1' data-color-signal='0' data-content-palette-variation='1' data-content-color-signal='0'>\n\t\t\t<div class=\"nb-supernova-item__media-wrapper\"><div class=\"nb-supernova-item__media-aspect-ratio\"><div class=\"novablocks-doppler__mask novablocks-doppler__wrapper\">\n\t\t\t\t\t<div class=\"nb-supernova-item__media-doppler\"> <img loading=\"lazy\" decoding=\"async\" width=\"1366\" height=\"896\" src=\"https:\/\/walserhaus.ch\/wp-content\/uploads\/2023\/03\/documento-antico-storia-reperto-museo-museum-1366x896.jpg\" class=\"nb-supernova-item__media novablocks-doppler__target\" alt=\"\" data-shape-modeling-target=\"\" sizes=\"auto, (max-width: 768px) 100vw, 50vw\" srcset=\"https:\/\/walserhaus.ch\/wp-content\/uploads\/2023\/03\/documento-antico-storia-reperto-museo-museum-1366x896.jpg 1366w, https:\/\/walserhaus.ch\/wp-content\/uploads\/2023\/03\/documento-antico-storia-reperto-museo-museum-300x197.jpg 300w, https:\/\/walserhaus.ch\/wp-content\/uploads\/2023\/03\/documento-antico-storia-reperto-museo-museum-1024x672.jpg 1024w, https:\/\/walserhaus.ch\/wp-content\/uploads\/2023\/03\/documento-antico-storia-reperto-museo-museum-768x504.jpg 768w, https:\/\/walserhaus.ch\/wp-content\/uploads\/2023\/03\/documento-antico-storia-reperto-museo-museum-1536x1008.jpg 1536w, https:\/\/walserhaus.ch\/wp-content\/uploads\/2023\/03\/documento-antico-storia-reperto-museo-museum-250x164.jpg 250w, https:\/\/walserhaus.ch\/wp-content\/uploads\/2023\/03\/documento-antico-storia-reperto-museo-museum-480x315.jpg 480w, https:\/\/walserhaus.ch\/wp-content\/uploads\/2023\/03\/documento-antico-storia-reperto-museo-museum.jpg 2000w\" \/>\n<\/div>\n\t\t\t\t<\/div>\n\t\t\t<\/div><\/div>\t\t\t\t<div class=\"nb-supernova-item__content nb-supernova-item__content--valign-center nb-supernova-item__content--halign-left\">\n\t\t\t\t\t<div class=\"nb-supernova-item__inner-container\">\n\t\t\t\t\t\t\n\n<h5 class=\"has-normal-font-size wp-block-heading\">Ein Raum des Museums Walserhaus ist als Geschichtsmuseum eingerichtet, wo nicht nur die Geschichte vom Dorf Bosco Gurin seit seiner Gr\u00fcndung zu erfahren ist, sondern wo auch die Geschichte der Walser Migration und die kulturellen Zeugnisse vom Piemont bis nach \u00d6sterreich dokumentiert sind.<\/h5>\n\n\t\t\t\t\t<\/div>\n\t\t\t\t<\/div>\n\t\t\t\t\t<\/div>\n\t<\/div>\n\n\t\n\n\t\t\t\t<\/div>\n\t\t\t<\/div><\/div>\n\t\t<\/div>\n\n<div class=\"nb-supernova nb-supernova--content-type-custom nb-supernova--card-layout-horizontal nb-supernova--layout-classic nb-supernova--1-columns nb-supernova--valign-center nb-supernova--halign-left nb-supernova--align-wide alignfull sm-palette-1 sm-variation-1 nb-grid__area--landscape nb-grid__area--width-full\" style=\"--nb-media-composition-gap: 20px;--nb-emphasis-area: 100;--nb-overlay-filter-strength: 0;--nb-block-top-spacing: 0;--nb-block-bottom-spacing: 1;--nb-emphasis-top-spacing: 0;--nb-emphasis-bottom-spacing: 0;--nb-card-layout-gap-modifier: 1;--nb-card-content-padding-multiplier: 0;--nb-card-media-padding-multiplier: 0;--nb-card-media-container-height: 50;--nb-card-media-padding-top: 100%;--nb-card-media-object-fit: cover;--nb-minimum-container-height: 0vh;--nb-card-content-area-width: 50%;--nb-spacing-modifier: 1;--nb-spacing-multiplier-override: 1;--nb-collection-columns-count: 1;--nb-grid-spacing-modifier: 50\"\n\t\t\t data-variation='novablocks-card-media' data-content-type='custom' data-content-position='center left' data-card-layout='horizontal' data-posts-to-show='1' data-columns='1' data-block-top-spacing='0' data-block-bottom-spacing='1' data-layout-gutter='100' data-anchor='' data-preview='1' data-header-position='0' data-title='Cards Collection' data-subtitle='A collection of individual cards displayed in a cohesive layout' data-collection-title-level='2' data-palette='1' data-palette-variation='1' data-color-signal='0' data-content-color-signal='0' data-content-palette-variation='1' data-emphasis-area='100' data-images='[]' data-style-preset='the-cloud-atlas' data-size-contrast='0' data-position-shift='0' data-elements-distance='20' data-placement-variation='25' data-image-rotation='0' data-image-resizing='cropped' data-container-height='50' data-object-position='50' data-scrolling-effect='static' data-focal-point='{&quot;x&quot;:0.5,&quot;y&quot;:0.5}' data-final-focal-point='{&quot;x&quot;:0.5,&quot;y&quot;:0.5}' data-initial-background-scale='1' data-final-background-scale='1' data-motion-preset='standard-dynamic' data-follow-through-start='1' data-follow-through-end='1' data-blob-sides='3' data-blob-pattern-seed='3' data-blob-complexity='0' data-blob-smoothness='33' data-blob-rotation='0' data-blob-mask-sides='3' data-blob-mask-pattern-seed='3' data-blob-mask-complexity='0' data-blob-mask-smoothness='33' data-blob-mask-rotation='0' data-blobs-size-balance='50' data-blobs-horizontal-displacement='50' data-blobs-vertical-displacement='50' data-level='2' data-card-title-level='3' data-card-title-font-size='normal' data-collection-title-font-size='normal' data-metadata-position='above-title' data-primary-metadata='category' data-secondary-metadata='date' data-buttons-style='text' data-layout-style='classic' data-grid-gap='50' data-gridcolumns='6' data-gridrows='6' data-featuresize='4' data-featureposition='1' data-fragmentation='1' data-hierarchycrossing='30' data-imageweightleft='1' data-imageweightright='2' data-metadetailsleft='10' data-metadetailsright='6' data-subfeature='1' data-header-column='0' data-carousel-layout='fixed' data-show-media='1' data-show-title='1' data-show-subtitle='1' data-show-description='1' data-show-buttons='1' data-display-inner-content='1' data-show-arrows='1' data-overlay-filter-type='unitone' data-overlay-filter-duotone-config='[]' data-overlay-filter-strength='0' data-media-container-height='50' data-thumbnail-aspect-ratio-string='landscape' data-thumbnail-aspect-ratio='50' data-image-padding='0' data-content-padding='0' data-emphasis-by-space='1' data-emphasis-top-spacing='0' data-emphasis-bottom-spacing='0' data-min-height-fallback='0' data-balance-emphasis='50' data-balance-focal-point='content' data-content-area-width='50' data-spacing-modifier='1' data-spacing-multiplier-override='1'>\n\t\t\t<div class=\"nb-collection alignwide nb-block-spacing-container\"><div class=\"nb-collection__body\">\n\t\t\t\t<div class=\"nb-collection__layout nb-collection__layout--classic nb-collection__layout--fixed-width\">\n\t\t\t\t\t\n\n\t<div class=\"nb-collection__layout-item\" >\n\t\t<div class=\"nb-supernova-item nb-supernova-item--layout-horizontal nb-supernova-item--scrolling-effect-static nb-supernova-item--aspect-ratio-landscape sm-palette-1 sm-variation-1\" data-palette='1' data-palette-variation='1' data-color-signal='0' data-content-palette-variation='1' data-content-color-signal='0'>\n\t\t\t<div class=\"nb-supernova-item__media-wrapper\"><div class=\"nb-supernova-item__media-aspect-ratio\"><div class=\"novablocks-doppler__mask novablocks-doppler__wrapper\">\n\t\t\t\t\t<div class=\"nb-supernova-item__media-doppler\"> <img loading=\"lazy\" decoding=\"async\" width=\"921\" height=\"1366\" src=\"https:\/\/walserhaus.ch\/wp-content\/uploads\/2023\/03\/personaggio-storico-museo-walserhaus-boscogurin-storia-921x1366.jpg\" class=\"nb-supernova-item__media novablocks-doppler__target\" alt=\"\" data-shape-modeling-target=\"\" sizes=\"auto, (max-width: 768px) 100vw, 60vw\" srcset=\"https:\/\/walserhaus.ch\/wp-content\/uploads\/2023\/03\/personaggio-storico-museo-walserhaus-boscogurin-storia-921x1366.jpg 921w, https:\/\/walserhaus.ch\/wp-content\/uploads\/2023\/03\/personaggio-storico-museo-walserhaus-boscogurin-storia-202x300.jpg 202w, https:\/\/walserhaus.ch\/wp-content\/uploads\/2023\/03\/personaggio-storico-museo-walserhaus-boscogurin-storia-690x1024.jpg 690w, https:\/\/walserhaus.ch\/wp-content\/uploads\/2023\/03\/personaggio-storico-museo-walserhaus-boscogurin-storia-768x1139.jpg 768w, https:\/\/walserhaus.ch\/wp-content\/uploads\/2023\/03\/personaggio-storico-museo-walserhaus-boscogurin-storia-1036x1536.jpg 1036w, https:\/\/walserhaus.ch\/wp-content\/uploads\/2023\/03\/personaggio-storico-museo-walserhaus-boscogurin-storia-1381x2048.jpg 1381w, https:\/\/walserhaus.ch\/wp-content\/uploads\/2023\/03\/personaggio-storico-museo-walserhaus-boscogurin-storia-169x250.jpg 169w, https:\/\/walserhaus.ch\/wp-content\/uploads\/2023\/03\/personaggio-storico-museo-walserhaus-boscogurin-storia-518x768.jpg 518w, https:\/\/walserhaus.ch\/wp-content\/uploads\/2023\/03\/personaggio-storico-museo-walserhaus-boscogurin-storia-324x480.jpg 324w, https:\/\/walserhaus.ch\/wp-content\/uploads\/2023\/03\/personaggio-storico-museo-walserhaus-boscogurin-storia-scaled.jpg 1726w\" \/>\n<\/div>\n\t\t\t\t<\/div>\n\t\t\t<\/div><\/div>\t\t\t\t<div class=\"nb-supernova-item__content nb-supernova-item__content--valign-center nb-supernova-item__content--halign-left\">\n\t\t\t\t\t<div class=\"nb-supernova-item__inner-container\">\n\t\t\t\t\t\t\n\n<h2 class=\"c-headline has-text-align-left alignnone\"><span class=\"c-headline__secondary\">Die Geschichte<\/span> <span class=\"c-headline__primary\">von Bosco Gurin<\/span><\/h2>\n\n\n\n<p class=\"has-normal-font-size\">Um das Jahr 1230 \u00fcberquerte eine Gruppe von Walsern aus dem nahen Pomattertal (<em>Pum\u00e5tt<\/em>den Bergpass <em>Ggurijnar Furggu<\/em> und begann sich im Gebiet der Alp S. Abbondio einzurichten, das ihr vom Benediktinerkloster S. Abbondio in Como als Erblehen \u00fcberlassen worden war.<br>Die \u00e4lteste Pergamenturkunde der gesamten Kolonisationsgeschichte der Walser bezeugt, dass am 10. Mai 1253 die kleine, den Hl. Jakob und Christophorus gewidmete Hospizkirche eingeweiht wurde.<br><br>Im Verlauf der Jahrhunderte ging die Macht \u00fcber das Territorium auf die reichen Familien und auf die Herz\u00f6ge von Mailand \u00fcber, gegen welche die Guriner wie auch die anderen D\u00f6rfer des Tals ihre Freiheit zu verteidigen versuchten.<br>Ab 1513 und drei Jahrhunderte lang kam das ganze Tal unter den Schutz der Eidgenossen, die in Cevio ihren Landvogtsitz einrichteten. Als das Tessin ein eigenst\u00e4ndiger Kanton der Eidgenossenschaft wurde, wurde Bosco Gurin eine Schweizer Gemeinde und musste sich daf\u00fcr einsetzen, als deutschsprachige Insel anerkannt zu werden.<br>In diesem Raum erf\u00e4hrt man nicht nur alles \u00fcber die Geschichte von Bosco Gurin, sondern entdeckt auch Spannendes \u00fcber das <em>Ggurijnartitsch<\/em>, die Verwaltung und das Walser Recht, \u00fcber die Migration und Siedlungst\u00e4tigkeit sowie \u00fcber die Familiennamen von Gurin.<\/p>\n\n\t\t\t\t\t<\/div>\n\t\t\t\t<\/div>\n\t\t\t\t\t<\/div>\n\t<\/div>\n\n\t\n\n\t\t\t\t<\/div>\n\t\t\t<\/div><\/div>\n\t\t<\/div>\n\n\n<figure class=\"wp-block-image alignwide size-large\"><img loading=\"lazy\" decoding=\"async\" width=\"1024\" height=\"338\" src=\"http:\/\/freidesign.ch\/walser\/wp-content\/uploads\/2023\/03\/Familienzeichen-boscogurin-1024x338.jpg\" alt=\"\" class=\"wp-image-451\" srcset=\"https:\/\/walserhaus.ch\/wp-content\/uploads\/2023\/03\/Familienzeichen-boscogurin-1024x338.jpg 1024w, https:\/\/walserhaus.ch\/wp-content\/uploads\/2023\/03\/Familienzeichen-boscogurin-300x99.jpg 300w, https:\/\/walserhaus.ch\/wp-content\/uploads\/2023\/03\/Familienzeichen-boscogurin-768x254.jpg 768w, https:\/\/walserhaus.ch\/wp-content\/uploads\/2023\/03\/Familienzeichen-boscogurin-1536x508.jpg 1536w, https:\/\/walserhaus.ch\/wp-content\/uploads\/2023\/03\/Familienzeichen-boscogurin-250x83.jpg 250w, https:\/\/walserhaus.ch\/wp-content\/uploads\/2023\/03\/Familienzeichen-boscogurin-1366x451.jpg 1366w, https:\/\/walserhaus.ch\/wp-content\/uploads\/2023\/03\/Familienzeichen-boscogurin-480x159.jpg 480w, https:\/\/walserhaus.ch\/wp-content\/uploads\/2023\/03\/Familienzeichen-boscogurin.jpg 2000w\" sizes=\"auto, (max-width: 1024px) 100vw, 1024px\" \/><\/figure>","protected":false},"excerpt":{"rendered":"","protected":false},"author":1,"featured_media":0,"parent":0,"menu_order":0,"comment_status":"closed","ping_status":"closed","template":"","meta":{"novablocks_hero_scroll_indicator":false,"novablocks_hero_position_indicators":false,"supernova_prevent_duplicate":false,"footnotes":""},"class_list":["post-278","page","type-page","status-publish","hentry"],"_links":{"self":[{"href":"https:\/\/walserhaus.ch\/de\/wp-json\/wp\/v2\/pages\/278","targetHints":{"allow":["GET"]}}],"collection":[{"href":"https:\/\/walserhaus.ch\/de\/wp-json\/wp\/v2\/pages"}],"about":[{"href":"https:\/\/walserhaus.ch\/de\/wp-json\/wp\/v2\/types\/page"}],"author":[{"embeddable":true,"href":"https:\/\/walserhaus.ch\/de\/wp-json\/wp\/v2\/users\/1"}],"replies":[{"embeddable":true,"href":"https:\/\/walserhaus.ch\/de\/wp-json\/wp\/v2\/comments?post=278"}],"version-history":[{"count":3,"href":"https:\/\/walserhaus.ch\/de\/wp-json\/wp\/v2\/pages\/278\/revisions"}],"predecessor-version":[{"id":452,"href":"https:\/\/walserhaus.ch\/de\/wp-json\/wp\/v2\/pages\/278\/revisions\/452"}],"wp:attachment":[{"href":"https:\/\/walserhaus.ch\/de\/wp-json\/wp\/v2\/media?parent=278"}],"curies":[{"name":"wp","href":"https:\/\/api.w.org\/{rel}","templated":true}]}}